{"id":3390,"date":"2022-01-26T16:57:07","date_gmt":"2022-01-26T16:57:07","guid":{"rendered":"https:\/\/fastcar.shop\/?post_type=product&#038;p=3390"},"modified":"2025-05-21T13:35:06","modified_gmt":"2025-05-21T10:35:06","slug":"ppf-turbo-and-exhaust-cleaner","status":"publish","type":"product","link":"https:\/\/fastcar.shop\/lt\/product\/ppf-turbo-and-exhaust-cleaner\/","title":{"rendered":"MILLERS OILS Turbo and Exhaust Cleaner 400ml"},"content":{"rendered":"<p style=\"text-align: left;\">Savyb\u0117s ir privalumai<\/p>\n<ul>\n<li style=\"text-align: left;\">Padeda pa\u0161alinti \u012fstrigusias suod\u017ei\u0173 daleles, suma\u017eindama regeneracijos temperat\u016br\u0105<\/li>\n<li style=\"text-align: left;\">PPF valymas u\u017etikrina optimal\u0173 degal\u0173 taupym\u0105, suma\u017eina i\u0161metam\u0173j\u0173 ter\u0161al\u0173 kiek\u012f ir atkuria variklio gali\u0105<\/li>\n<\/ul>","protected":false},"excerpt":{"rendered":"<p style=\"text-align: left;\">Vienkartinis benzino priedas, skirtas valyti benzino kiet\u0173j\u0173 daleli\u0173 filtrus (PPF), kuris u\u017etikrins \u0161varesn\u012f ir efektyvesn\u012f PPF.<\/p>\n<p style=\"text-align: left;\">Nustokite prad\u0117ti va\u017eiuoti ir trumpos kelion\u0117s rei\u0161kia \u017eemesn\u0119 i\u0161metam\u0173j\u0173 duj\u0173 temperat\u016br\u0105, o tai rei\u0161kia, kad PPF regeneracija nevyks. D\u0117l to PPF blokuoja \u012fstrigusios kietosios dalel\u0117s. \u0160i proced\u016bra idealiai tinka automobiliams, kurie reguliariai va\u017eiuoja trumpiau ir nori i\u0161vengti problem\u0173 tarp transporto priemon\u0117s servis\u0173.<\/p>","protected":false},"featured_media":3482,"template":"","meta":[],"product_brand":[],"product_cat":[1788,885],"product_tag":[],"class_list":{"0":"post-3390","1":"product","2":"type-product","3":"status-publish","4":"has-post-thumbnail","6":"product_cat-fuel-treatments","7":"product_cat-oils_lubricants","9":"first","10":"instock","11":"taxable","12":"shipping-taxable","13":"purchasable","14":"product-type-simple"},"aioseo_notices":[],"yoast_head":"<!-- This site is optimized with the Yoast SEO plugin v27.3 - https:\/\/yoast.com\/product\/yoast-seo-wordpress\/ -->\n<title>Turbo and Exhaust Cleaner 400ml<\/title>\n<meta name=\"robots\" content=\"index, follow, max-snippet:-1, max-image-preview:large, max-video-preview:-1\" \/>\n<link rel=\"canonical\" href=\"https:\/\/fastcar.shop\/lt\/produktas\/ppf-turbo-and-exhaust-cleaner\/\" \/>\n<meta property=\"og:locale\" content=\"lt_LT\" \/>\n<meta property=\"og:type\" content=\"article\" \/>\n<meta property=\"og:title\" content=\"Turbo and Exhaust Cleaner 400ml\" \/>\n<meta property=\"og:description\" content=\"A one-shot petrol additive designed to clean petrol particulate filters (PPFs) which will ensure a cleaner and more efficient PPF. Stop start driving and short trips mean lower exhaust gas temperatures meaning the regeneration of the PPF will not take place. This leads to blocking by trapped particulate matter in the PPF. This treatment is ideal for cars that regularly take shorter trips and want to prevent any problems between a vehicle\u2019s services.\" \/>\n<meta property=\"og:url\" content=\"https:\/\/fastcar.shop\/lt\/produktas\/ppf-turbo-and-exhaust-cleaner\/\" \/>\n<meta property=\"og:site_name\" content=\"Fast Car Shop\" \/>\n<meta property=\"article:publisher\" content=\"https:\/\/www.facebook.com\/FastcarLt?locale=lt_LT\" \/>\n<meta property=\"article:modified_time\" content=\"2025-05-21T10:35:06+00:00\" \/>\n<meta property=\"og:image\" content=\"https:\/\/fastcar.shop\/wp-content\/uploads\/2022\/01\/Millers_oils-PPF-Turbo-Exhaust-Cleaner-400ml.jpg\" \/>\n\t<meta property=\"og:image:width\" content=\"560\" \/>\n\t<meta property=\"og:image:height\" content=\"560\" \/>\n\t<meta property=\"og:image:type\" content=\"image\/jpeg\" \/>\n<meta name=\"twitter:card\" content=\"summary_large_image\" \/>\n<!-- \/ Yoast SEO plugin. -->","yoast_head_json":{"title":"Turbo ir i\u0161metimo valiklis 400ml","robots":{"index":"index","follow":"follow","max-snippet":"max-snippet:-1","max-image-preview":"max-image-preview:large","max-video-preview":"max-video-preview:-1"},"canonical":"https:\/\/fastcar.shop\/lt\/produktas\/ppf-turbo-and-exhaust-cleaner\/","og_locale":"lt_LT","og_type":"article","og_title":"Turbo and Exhaust Cleaner 400ml","og_description":"A one-shot petrol additive designed to clean petrol particulate filters (PPFs) which will ensure a cleaner and more efficient PPF. Stop start driving and short trips mean lower exhaust gas temperatures meaning the regeneration of the PPF will not take place. This leads to blocking by trapped particulate matter in the PPF. This treatment is ideal for cars that regularly take shorter trips and want to prevent any problems between a vehicle\u2019s services.","og_url":"https:\/\/fastcar.shop\/lt\/produktas\/ppf-turbo-and-exhaust-cleaner\/","og_site_name":"Fast Car Shop","article_publisher":"https:\/\/www.facebook.com\/FastcarLt?locale=lt_LT","article_modified_time":"2025-05-21T10:35:06+00:00","og_image":[{"width":560,"height":560,"url":"https:\/\/fastcar.shop\/wp-content\/uploads\/2022\/01\/Millers_oils-PPF-Turbo-Exhaust-Cleaner-400ml.jpg","type":"image\/jpeg"}],"twitter_card":"summary_large_image","schema":{"@context":"https:\/\/schema.org","@graph":[{"@type":"WebPage","@id":"https:\/\/fastcar.shop\/product\/ppf-turbo-and-exhaust-cleaner\/","url":"https:\/\/fastcar.shop\/product\/ppf-turbo-and-exhaust-cleaner\/","name":"Turbo ir i\u0161metimo valiklis 400ml","isPartOf":{"@id":"https:\/\/fastcar.shop\/#website"},"primaryImageOfPage":{"@id":"https:\/\/fastcar.shop\/product\/ppf-turbo-and-exhaust-cleaner\/#primaryimage"},"image":{"@id":"https:\/\/fastcar.shop\/product\/ppf-turbo-and-exhaust-cleaner\/#primaryimage"},"thumbnailUrl":"https:\/\/fastcar.shop\/wp-content\/uploads\/2022\/01\/Millers_oils-PPF-Turbo-Exhaust-Cleaner-400ml.jpg","datePublished":"2022-01-26T16:57:07+00:00","dateModified":"2025-05-21T10:35:06+00:00","breadcrumb":{"@id":"https:\/\/fastcar.shop\/product\/ppf-turbo-and-exhaust-cleaner\/#breadcrumb"},"inLanguage":"lt-LT","potentialAction":[{"@type":"ReadAction","target":["https:\/\/fastcar.shop\/product\/ppf-turbo-and-exhaust-cleaner\/"]}]},{"@type":"ImageObject","inLanguage":"lt-LT","@id":"https:\/\/fastcar.shop\/product\/ppf-turbo-and-exhaust-cleaner\/#primaryimage","url":"https:\/\/fastcar.shop\/wp-content\/uploads\/2022\/01\/Millers_oils-PPF-Turbo-Exhaust-Cleaner-400ml.jpg","contentUrl":"https:\/\/fastcar.shop\/wp-content\/uploads\/2022\/01\/Millers_oils-PPF-Turbo-Exhaust-Cleaner-400ml.jpg","width":560,"height":560},{"@type":"BreadcrumbList","@id":"https:\/\/fastcar.shop\/product\/ppf-turbo-and-exhaust-cleaner\/#breadcrumb","itemListElement":[{"@type":"ListItem","position":1,"name":"Home","item":"https:\/\/fastcar.shop\/"},{"@type":"ListItem","position":2,"name":"Shop","item":"https:\/\/fastcar.shop\/shop\/"},{"@type":"ListItem","position":3,"name":"MILLERS OILS Turbo and Exhaust Cleaner 400ml"}]},{"@type":"WebSite","@id":"https:\/\/fastcar.shop\/#website","url":"https:\/\/fastcar.shop\/","name":"Greit\u0173 automobili\u0173 parduotuv\u0117","description":"","publisher":{"@id":"https:\/\/fastcar.shop\/#organization"},"potentialAction":[{"@type":"SearchAction","target":{"@type":"EntryPoint","urlTemplate":"https:\/\/fastcar.shop\/?s={search_term_string}"},"query-input":{"@type":"PropertyValueSpecification","valueRequired":true,"valueName":"search_term_string"}}],"inLanguage":"lt-LT"},{"@type":"Organization","@id":"https:\/\/fastcar.shop\/#organization","name":"Fastcar.shop","url":"https:\/\/fastcar.shop\/","logo":{"@type":"ImageObject","inLanguage":"lt-LT","@id":"https:\/\/fastcar.shop\/#\/schema\/logo\/image\/","url":"https:\/\/fastcar.shop\/wp-content\/uploads\/2017\/08\/FCS_JPEG-01-scaled.jpg","contentUrl":"https:\/\/fastcar.shop\/wp-content\/uploads\/2017\/08\/FCS_JPEG-01-scaled.jpg","width":2560,"height":1379,"caption":"Fastcar.shop"},"image":{"@id":"https:\/\/fastcar.shop\/#\/schema\/logo\/image\/"},"sameAs":["https:\/\/www.facebook.com\/FastcarLt?locale=lt_LT","https:\/\/www.instagram.com\/fastcar.shop\/"]}]}},"jetpack_sharing_enabled":true,"_links":{"self":[{"href":"https:\/\/fastcar.shop\/lt\/wp-json\/wp\/v2\/product\/3390","targetHints":{"allow":["GET"]}}],"collection":[{"href":"https:\/\/fastcar.shop\/lt\/wp-json\/wp\/v2\/product"}],"about":[{"href":"https:\/\/fastcar.shop\/lt\/wp-json\/wp\/v2\/types\/product"}],"wp:featuredmedia":[{"embeddable":true,"href":"https:\/\/fastcar.shop\/lt\/wp-json\/wp\/v2\/media\/3482"}],"wp:attachment":[{"href":"https:\/\/fastcar.shop\/lt\/wp-json\/wp\/v2\/media?parent=3390"}],"wp:term":[{"taxonomy":"product_brand","embeddable":true,"href":"https:\/\/fastcar.shop\/lt\/wp-json\/wp\/v2\/product_brand?post=3390"},{"taxonomy":"product_cat","embeddable":true,"href":"https:\/\/fastcar.shop\/lt\/wp-json\/wp\/v2\/product_cat?post=3390"},{"taxonomy":"product_tag","embeddable":true,"href":"https:\/\/fastcar.shop\/lt\/wp-json\/wp\/v2\/product_tag?post=3390"}],"curies":[{"name":"wp","href":"https:\/\/api.w.org\/{rel}","templated":true}]}}