{"id":3388,"date":"2022-01-26T16:50:15","date_gmt":"2022-01-26T16:50:15","guid":{"rendered":"https:\/\/fastcar.shop\/?post_type=product&#038;p=3388"},"modified":"2025-04-09T16:15:35","modified_gmt":"2025-04-09T13:15:35","slug":"petrol-system-clean-protect-400ml","status":"publish","type":"product","link":"https:\/\/fastcar.shop\/lt\/product\/petrol-system-clean-protect-400ml\/","title":{"rendered":"MILLERS OILS Petrol System Clean &#038; Protect 400ml"},"content":{"rendered":"<p style=\"text-align: left;\">Savyb\u0117s ir privalumai<\/p>\n<ul>\n<li style=\"text-align: left;\">Pagerina degal\u0173 ekonomij\u0105<\/li>\n<li style=\"text-align: left;\">Atkuria prarast\u0105 automobilio gali\u0105<\/li>\n<li style=\"text-align: left;\">Suma\u017eina angliavandenili\u0173 (HC) ir anglies dioksido emisij\u0105<\/li>\n<li style=\"text-align: left;\">Suteikia tolygesn\u012f variklio poj\u016bt\u012f<\/li>\n<li style=\"text-align: left;\">Pagerina droselio ir variklio atsak\u0105<\/li>\n<li style=\"text-align: left;\">I\u0161valo purk\u0161tukus, karbiuratoriaus purk\u0161tukus ir \u012fleidimo vo\u017etuvus<\/li>\n<li style=\"text-align: left;\">Sudeda iki 2 oktanini\u0173 skai\u010di\u0173<\/li>\n<\/ul>","protected":false},"excerpt":{"rendered":"<p style=\"text-align: left;\">\u201eViskas viename\u201c benzinini\u0173 degal\u0173 apdorojimas, skirtas naudoti visose dyzelin\u0117se transporto priemon\u0117se, su DPF arba be jo<\/p>","protected":false},"featured_media":3480,"template":"","meta":[],"product_brand":[],"product_cat":[1788,885],"product_tag":[],"class_list":{"0":"post-3388","1":"product","2":"type-product","3":"status-publish","4":"has-post-thumbnail","6":"product_cat-fuel-treatments","7":"product_cat-oils_lubricants","8":"product_provider-millers-oils","10":"first","11":"instock","12":"taxable","13":"shipping-taxable","14":"purchasable","15":"product-type-simple"},"aioseo_notices":[],"yoast_head":"<!-- This site is optimized with the Yoast SEO plugin v27.5 - https:\/\/yoast.com\/product\/yoast-seo-wordpress\/ -->\n<title>Petrol System Clean &amp; Protect 400ml<\/title>\n<meta name=\"robots\" content=\"index, follow, max-snippet:-1, max-image-preview:large, max-video-preview:-1\" \/>\n<link rel=\"canonical\" href=\"https:\/\/fastcar.shop\/lt\/produktas\/petrol-system-clean-protect-400ml\/\" \/>\n<meta property=\"og:locale\" content=\"lt_LT\" \/>\n<meta property=\"og:type\" content=\"article\" \/>\n<meta property=\"og:title\" content=\"Petrol System Clean &amp; Protect 400ml\" \/>\n<meta property=\"og:description\" content=\"An all in one petrol fuel treatment for use in all diesel vehicles, with or without DPF\" \/>\n<meta property=\"og:url\" content=\"https:\/\/fastcar.shop\/lt\/produktas\/petrol-system-clean-protect-400ml\/\" \/>\n<meta property=\"og:site_name\" content=\"Fast Car Shop\" \/>\n<meta property=\"article:publisher\" content=\"https:\/\/www.facebook.com\/FastcarLt?locale=lt_LT\" \/>\n<meta property=\"article:modified_time\" content=\"2025-04-09T13:15:35+00:00\" \/>\n<meta property=\"og:image\" content=\"https:\/\/fastcar.shop\/wp-content\/uploads\/2022\/01\/Miller_oils-Petrol-System-Clean-Protect-400ml.jpg\" \/>\n\t<meta property=\"og:image:width\" content=\"560\" \/>\n\t<meta property=\"og:image:height\" content=\"560\" \/>\n\t<meta property=\"og:image:type\" content=\"image\/jpeg\" \/>\n<meta name=\"twitter:card\" content=\"summary_large_image\" \/>\n<!-- \/ Yoast SEO plugin. -->","yoast_head_json":{"title":"Petrol System Clean & Protect 400ml","robots":{"index":"index","follow":"follow","max-snippet":"max-snippet:-1","max-image-preview":"max-image-preview:large","max-video-preview":"max-video-preview:-1"},"canonical":"https:\/\/fastcar.shop\/lt\/produktas\/petrol-system-clean-protect-400ml\/","og_locale":"lt_LT","og_type":"article","og_title":"Petrol System Clean & Protect 400ml","og_description":"An all in one petrol fuel treatment for use in all diesel vehicles, with or without DPF","og_url":"https:\/\/fastcar.shop\/lt\/produktas\/petrol-system-clean-protect-400ml\/","og_site_name":"Fast Car Shop","article_publisher":"https:\/\/www.facebook.com\/FastcarLt?locale=lt_LT","article_modified_time":"2025-04-09T13:15:35+00:00","og_image":[{"width":560,"height":560,"url":"https:\/\/fastcar.shop\/wp-content\/uploads\/2022\/01\/Miller_oils-Petrol-System-Clean-Protect-400ml.jpg","type":"image\/jpeg"}],"twitter_card":"summary_large_image","schema":{"@context":"https:\/\/schema.org","@graph":[{"@type":"WebPage","@id":"https:\/\/fastcar.shop\/product\/petrol-system-clean-protect-400ml\/","url":"https:\/\/fastcar.shop\/product\/petrol-system-clean-protect-400ml\/","name":"Petrol System Clean & Protect 400ml","isPartOf":{"@id":"https:\/\/fastcar.shop\/#website"},"primaryImageOfPage":{"@id":"https:\/\/fastcar.shop\/product\/petrol-system-clean-protect-400ml\/#primaryimage"},"image":{"@id":"https:\/\/fastcar.shop\/product\/petrol-system-clean-protect-400ml\/#primaryimage"},"thumbnailUrl":"https:\/\/fastcar.shop\/wp-content\/uploads\/2022\/01\/Miller_oils-Petrol-System-Clean-Protect-400ml.jpg","datePublished":"2022-01-26T16:50:15+00:00","dateModified":"2025-04-09T13:15:35+00:00","breadcrumb":{"@id":"https:\/\/fastcar.shop\/product\/petrol-system-clean-protect-400ml\/#breadcrumb"},"inLanguage":"lt-LT","potentialAction":[{"@type":"ReadAction","target":["https:\/\/fastcar.shop\/product\/petrol-system-clean-protect-400ml\/"]}]},{"@type":"ImageObject","inLanguage":"lt-LT","@id":"https:\/\/fastcar.shop\/product\/petrol-system-clean-protect-400ml\/#primaryimage","url":"https:\/\/fastcar.shop\/wp-content\/uploads\/2022\/01\/Miller_oils-Petrol-System-Clean-Protect-400ml.jpg","contentUrl":"https:\/\/fastcar.shop\/wp-content\/uploads\/2022\/01\/Miller_oils-Petrol-System-Clean-Protect-400ml.jpg","width":560,"height":560},{"@type":"BreadcrumbList","@id":"https:\/\/fastcar.shop\/product\/petrol-system-clean-protect-400ml\/#breadcrumb","itemListElement":[{"@type":"ListItem","position":1,"name":"Home","item":"https:\/\/fastcar.shop\/"},{"@type":"ListItem","position":2,"name":"Shop","item":"https:\/\/fastcar.shop\/shop\/"},{"@type":"ListItem","position":3,"name":"MILLERS OILS Petrol System Clean &#038; Protect 400ml"}]},{"@type":"WebSite","@id":"https:\/\/fastcar.shop\/#website","url":"https:\/\/fastcar.shop\/","name":"Greit\u0173 automobili\u0173 parduotuv\u0117","description":"","publisher":{"@id":"https:\/\/fastcar.shop\/#organization"},"potentialAction":[{"@type":"SearchAction","target":{"@type":"EntryPoint","urlTemplate":"https:\/\/fastcar.shop\/?s={search_term_string}"},"query-input":{"@type":"PropertyValueSpecification","valueRequired":true,"valueName":"search_term_string"}}],"inLanguage":"lt-LT"},{"@type":"Organization","@id":"https:\/\/fastcar.shop\/#organization","name":"Fastcar.shop","url":"https:\/\/fastcar.shop\/","logo":{"@type":"ImageObject","inLanguage":"lt-LT","@id":"https:\/\/fastcar.shop\/#\/schema\/logo\/image\/","url":"https:\/\/fastcar.shop\/wp-content\/uploads\/2017\/08\/FCS_JPEG-01-scaled.jpg","contentUrl":"https:\/\/fastcar.shop\/wp-content\/uploads\/2017\/08\/FCS_JPEG-01-scaled.jpg","width":2560,"height":1379,"caption":"Fastcar.shop"},"image":{"@id":"https:\/\/fastcar.shop\/#\/schema\/logo\/image\/"},"sameAs":["https:\/\/www.facebook.com\/FastcarLt?locale=lt_LT","https:\/\/www.instagram.com\/fastcar.shop\/"]}]}},"jetpack_sharing_enabled":true,"_links":{"self":[{"href":"https:\/\/fastcar.shop\/lt\/wp-json\/wp\/v2\/product\/3388","targetHints":{"allow":["GET"]}}],"collection":[{"href":"https:\/\/fastcar.shop\/lt\/wp-json\/wp\/v2\/product"}],"about":[{"href":"https:\/\/fastcar.shop\/lt\/wp-json\/wp\/v2\/types\/product"}],"wp:featuredmedia":[{"embeddable":true,"href":"https:\/\/fastcar.shop\/lt\/wp-json\/wp\/v2\/media\/3480"}],"wp:attachment":[{"href":"https:\/\/fastcar.shop\/lt\/wp-json\/wp\/v2\/media?parent=3388"}],"wp:term":[{"taxonomy":"product_brand","embeddable":true,"href":"https:\/\/fastcar.shop\/lt\/wp-json\/wp\/v2\/product_brand?post=3388"},{"taxonomy":"product_cat","embeddable":true,"href":"https:\/\/fastcar.shop\/lt\/wp-json\/wp\/v2\/product_cat?post=3388"},{"taxonomy":"product_tag","embeddable":true,"href":"https:\/\/fastcar.shop\/lt\/wp-json\/wp\/v2\/product_tag?post=3388"}],"curies":[{"name":"wp","href":"https:\/\/api.w.org\/{rel}","templated":true}]}}