{"id":3383,"date":"2022-01-26T16:22:43","date_gmt":"2022-01-26T16:22:43","guid":{"rendered":"https:\/\/fastcar.shop\/?post_type=product&#038;p=3383"},"modified":"2025-04-09T16:15:41","modified_gmt":"2025-04-09T13:15:41","slug":"stop-leak-250ml","status":"publish","type":"product","link":"https:\/\/fastcar.shop\/lt\/product\/stop-leak-250ml\/","title":{"rendered":"MILLERS OILS Stop Leak 250ml"},"content":{"rendered":"<div class=\"product_single__features__title\">\n<p style=\"text-align: left;\">SAVYB\u0116S IR PRIVALUMAI<\/p>\n<\/div>\n<div class=\"product_single__features__content\">\n<div class=\"wprt-container\">\n<ul>\n<li style=\"text-align: left;\">Padeda i\u0161laikyti sen\u0173 ar nesandari\u0173 sandarikli\u0173 alyvos sandarum\u0105.<\/li>\n<li style=\"text-align: left;\">Efektyviai suma\u017eina nutek\u0117jimo rizik\u0105.<\/li>\n<\/ul>\n<p style=\"text-align: left;\"><a href=\"https:\/\/fastcar.shop\/wp-content\/uploads\/2022\/01\/StopLeak.pdf\">Gaminio duomen\u0173 lapas <img loading=\"lazy\" decoding=\"async\" class=\"alignnone size-full wp-image-3251\" src=\"https:\/\/fastcar.shop\/wp-content\/uploads\/2022\/01\/pdf-e1641824783993.png\" alt=\"\" width=\"30\" height=\"23\" \/><\/a><\/p>\n<\/div>\n<\/div>","protected":false},"excerpt":{"rendered":"<p style=\"text-align: left;\">Variklyje arba pavar\u0173 d\u0117\u017e\u0117je esan\u010dios alyvos papildymas Stop Leak suma\u017eina nuot\u0117kio rizik\u0105.<\/p>\n<p style=\"text-align: left;\">Naudoti vis\u0173 automobili\u0173 ir lengv\u0173j\u0173 furgon\u0173 benzinini\u0173 ir dyzelini\u0173 varikli\u0173 pavar\u0173 d\u0117\u017e\u0117se ir a\u0161yse.<\/p>\n<p style=\"text-align: left;\">\u012epilkite butelio turin\u012f \u012f alyv\u0105 variklio pavar\u0173 d\u0117\u017e\u0117je arba diferenciate.<\/p>","protected":false},"featured_media":3385,"template":"","meta":[],"product_brand":[],"product_cat":[1791,885],"product_tag":[],"class_list":{"0":"post-3383","1":"product","2":"type-product","3":"status-publish","4":"has-post-thumbnail","6":"product_cat-problem-solvers-utility-lubricants","7":"product_cat-oils_lubricants","8":"product_provider-millers-oils","10":"first","11":"instock","12":"taxable","13":"shipping-taxable","14":"purchasable","15":"product-type-simple"},"aioseo_notices":[],"yoast_head":"<!-- This site is optimized with the Yoast SEO plugin v27.3 - https:\/\/yoast.com\/product\/yoast-seo-wordpress\/ -->\n<title>Stop Leak 250ml<\/title>\n<meta name=\"robots\" content=\"index, follow, max-snippet:-1, max-image-preview:large, max-video-preview:-1\" \/>\n<link rel=\"canonical\" href=\"https:\/\/fastcar.shop\/lt\/produktas\/stop-leak-250ml\/\" \/>\n<meta property=\"og:locale\" content=\"lt_LT\" \/>\n<meta property=\"og:type\" content=\"article\" \/>\n<meta property=\"og:title\" content=\"Stop Leak 250ml\" \/>\n<meta property=\"og:description\" content=\"Adding Stop Leak to the oil in an engine or gearbox minimises the risk of leaks. For use in all car and light van petrol and diesel engines gearboxes and axles. Add contents of bottle to oil in the engine gearbox or differential.\" \/>\n<meta property=\"og:url\" content=\"https:\/\/fastcar.shop\/lt\/produktas\/stop-leak-250ml\/\" \/>\n<meta property=\"og:site_name\" content=\"Fast Car Shop\" \/>\n<meta property=\"article:publisher\" content=\"https:\/\/www.facebook.com\/FastcarLt?locale=lt_LT\" \/>\n<meta property=\"article:modified_time\" content=\"2025-04-09T13:15:41+00:00\" \/>\n<meta property=\"og:image\" content=\"https:\/\/fastcar.shop\/wp-content\/uploads\/2022\/01\/millers-oils-stop-leak-250-ml-e1643214041345.jpg\" \/>\n\t<meta property=\"og:image:width\" content=\"560\" \/>\n\t<meta property=\"og:image:height\" content=\"404\" \/>\n\t<meta property=\"og:image:type\" content=\"image\/jpeg\" \/>\n<meta name=\"twitter:card\" content=\"summary_large_image\" \/>\n<!-- \/ Yoast SEO plugin. -->","yoast_head_json":{"title":"Stop Leak 250ml","robots":{"index":"index","follow":"follow","max-snippet":"max-snippet:-1","max-image-preview":"max-image-preview:large","max-video-preview":"max-video-preview:-1"},"canonical":"https:\/\/fastcar.shop\/lt\/produktas\/stop-leak-250ml\/","og_locale":"lt_LT","og_type":"article","og_title":"Stop Leak 250ml","og_description":"Adding Stop Leak to the oil in an engine or gearbox minimises the risk of leaks. For use in all car and light van petrol and diesel engines gearboxes and axles. Add contents of bottle to oil in the engine gearbox or differential.","og_url":"https:\/\/fastcar.shop\/lt\/produktas\/stop-leak-250ml\/","og_site_name":"Fast Car Shop","article_publisher":"https:\/\/www.facebook.com\/FastcarLt?locale=lt_LT","article_modified_time":"2025-04-09T13:15:41+00:00","og_image":[{"width":560,"height":404,"url":"https:\/\/fastcar.shop\/wp-content\/uploads\/2022\/01\/millers-oils-stop-leak-250-ml-e1643214041345.jpg","type":"image\/jpeg"}],"twitter_card":"summary_large_image","schema":{"@context":"https:\/\/schema.org","@graph":[{"@type":"WebPage","@id":"https:\/\/fastcar.shop\/product\/stop-leak-250ml\/","url":"https:\/\/fastcar.shop\/product\/stop-leak-250ml\/","name":"Stop Leak 250ml","isPartOf":{"@id":"https:\/\/fastcar.shop\/#website"},"primaryImageOfPage":{"@id":"https:\/\/fastcar.shop\/product\/stop-leak-250ml\/#primaryimage"},"image":{"@id":"https:\/\/fastcar.shop\/product\/stop-leak-250ml\/#primaryimage"},"thumbnailUrl":"https:\/\/fastcar.shop\/wp-content\/uploads\/2022\/01\/millers-oils-stop-leak-250-ml-e1643214041345.jpg","datePublished":"2022-01-26T16:22:43+00:00","dateModified":"2025-04-09T13:15:41+00:00","breadcrumb":{"@id":"https:\/\/fastcar.shop\/product\/stop-leak-250ml\/#breadcrumb"},"inLanguage":"lt-LT","potentialAction":[{"@type":"ReadAction","target":["https:\/\/fastcar.shop\/product\/stop-leak-250ml\/"]}]},{"@type":"ImageObject","inLanguage":"lt-LT","@id":"https:\/\/fastcar.shop\/product\/stop-leak-250ml\/#primaryimage","url":"https:\/\/fastcar.shop\/wp-content\/uploads\/2022\/01\/millers-oils-stop-leak-250-ml-e1643214041345.jpg","contentUrl":"https:\/\/fastcar.shop\/wp-content\/uploads\/2022\/01\/millers-oils-stop-leak-250-ml-e1643214041345.jpg","width":560,"height":404},{"@type":"BreadcrumbList","@id":"https:\/\/fastcar.shop\/product\/stop-leak-250ml\/#breadcrumb","itemListElement":[{"@type":"ListItem","position":1,"name":"Home","item":"https:\/\/fastcar.shop\/"},{"@type":"ListItem","position":2,"name":"Shop","item":"https:\/\/fastcar.shop\/shop\/"},{"@type":"ListItem","position":3,"name":"MILLERS OILS Stop Leak 250ml"}]},{"@type":"WebSite","@id":"https:\/\/fastcar.shop\/#website","url":"https:\/\/fastcar.shop\/","name":"Greit\u0173 automobili\u0173 parduotuv\u0117","description":"","publisher":{"@id":"https:\/\/fastcar.shop\/#organization"},"potentialAction":[{"@type":"SearchAction","target":{"@type":"EntryPoint","urlTemplate":"https:\/\/fastcar.shop\/?s={search_term_string}"},"query-input":{"@type":"PropertyValueSpecification","valueRequired":true,"valueName":"search_term_string"}}],"inLanguage":"lt-LT"},{"@type":"Organization","@id":"https:\/\/fastcar.shop\/#organization","name":"Fastcar.shop","url":"https:\/\/fastcar.shop\/","logo":{"@type":"ImageObject","inLanguage":"lt-LT","@id":"https:\/\/fastcar.shop\/#\/schema\/logo\/image\/","url":"https:\/\/fastcar.shop\/wp-content\/uploads\/2017\/08\/FCS_JPEG-01-scaled.jpg","contentUrl":"https:\/\/fastcar.shop\/wp-content\/uploads\/2017\/08\/FCS_JPEG-01-scaled.jpg","width":2560,"height":1379,"caption":"Fastcar.shop"},"image":{"@id":"https:\/\/fastcar.shop\/#\/schema\/logo\/image\/"},"sameAs":["https:\/\/www.facebook.com\/FastcarLt?locale=lt_LT","https:\/\/www.instagram.com\/fastcar.shop\/"]}]}},"jetpack_sharing_enabled":true,"_links":{"self":[{"href":"https:\/\/fastcar.shop\/lt\/wp-json\/wp\/v2\/product\/3383","targetHints":{"allow":["GET"]}}],"collection":[{"href":"https:\/\/fastcar.shop\/lt\/wp-json\/wp\/v2\/product"}],"about":[{"href":"https:\/\/fastcar.shop\/lt\/wp-json\/wp\/v2\/types\/product"}],"wp:featuredmedia":[{"embeddable":true,"href":"https:\/\/fastcar.shop\/lt\/wp-json\/wp\/v2\/media\/3385"}],"wp:attachment":[{"href":"https:\/\/fastcar.shop\/lt\/wp-json\/wp\/v2\/media?parent=3383"}],"wp:term":[{"taxonomy":"product_brand","embeddable":true,"href":"https:\/\/fastcar.shop\/lt\/wp-json\/wp\/v2\/product_brand?post=3383"},{"taxonomy":"product_cat","embeddable":true,"href":"https:\/\/fastcar.shop\/lt\/wp-json\/wp\/v2\/product_cat?post=3383"},{"taxonomy":"product_tag","embeddable":true,"href":"https:\/\/fastcar.shop\/lt\/wp-json\/wp\/v2\/product_tag?post=3383"}],"curies":[{"name":"wp","href":"https:\/\/api.w.org\/{rel}","templated":true}]}}