{"id":3377,"date":"2022-01-14T18:27:30","date_gmt":"2022-01-14T18:27:30","guid":{"rendered":"https:\/\/fastcar.shop\/?post_type=product&#038;p=3377"},"modified":"2025-05-21T13:35:06","modified_gmt":"2025-05-21T10:35:06","slug":"petrol-injector-cleaner-400ml","status":"publish","type":"product","link":"https:\/\/fastcar.shop\/lt\/product\/petrol-injector-cleaner-400ml\/","title":{"rendered":"MILLERS OILS Petrol Injector Cleaner 400ml"},"content":{"rendered":"<div class=\"product_single__features\">\n<div class=\"product_single__features__title\">\n<p style=\"text-align: left;\">Savyb\u0117s ir privalumai<\/p>\n<\/div>\n<div class=\"product_single__features__content\">\n<div class=\"wprt-container\">\n<ul>\n<li style=\"text-align: left;\">Sunkus variklio veikimas \u2013 u\u017egimas, prastas droselio atsakas ir dvejon\u0117s d\u0117l nuos\u0117d\u0173 \u2013 paprastai \u012fveikiamos vienu apdorojimu<\/li>\n<li style=\"text-align: left;\">Suma\u017e\u0117jusi variklio emisija<\/li>\n<li style=\"text-align: left;\">Apdorojimo nepaveikta i\u0161metam\u0173j\u0173 ter\u0161al\u0173 kontrol\u0117s \u012franga (katalizatoriai).<\/li>\n<li style=\"text-align: left;\">Pa\u0161alintas kuro purk\u0161tukas<\/li>\n<li style=\"text-align: left;\">Pagerina sukimo moment\u0105, gali\u0105 ar pagreit\u012f<\/li>\n<li style=\"text-align: left;\">Patobulinta kuro sistemos apsauga nuo korozijos<\/li>\n<li style=\"text-align: left;\">Pager\u0117jo degal\u0173\/vandens valdymo savyb\u0117s<\/li>\n<li style=\"text-align: left;\">Visi\u0161kai suderinamas su vis\u0173 tip\u0173 benzinu \u2013 \u0161vininiu, be\u0161viniu ir deguonimi<\/li>\n<li style=\"text-align: left;\">Labai ekonomi\u0161kos prie\u017ei\u016bros normos<\/li>\n<li style=\"text-align: left;\">Gydymo i\u0161laidos kompensuojamos padidinus efektyvum\u0105<\/li>\n<\/ul>\n<p style=\"text-align: left;\"><a href=\"https:\/\/fastcar.shop\/wp-content\/uploads\/2022\/01\/Petrol-Injector-Cleaner.pdf\">Gaminio duomen\u0173 lapas <img loading=\"lazy\" decoding=\"async\" class=\"alignnone size-full wp-image-3251\" src=\"https:\/\/fastcar.shop\/wp-content\/uploads\/2022\/01\/pdf-e1641824783993.png\" alt=\"\" width=\"30\" height=\"23\" \/><\/a><\/p>\n<\/div>\n<\/div>\n<\/div>","protected":false},"excerpt":{"rendered":"<p style=\"text-align: left;\">Benzininio purk\u0161tuko valiklis yra maksimaliai stipri, labai koncentruota valymo priemon\u0117, sukurta pa\u0161alinti nuos\u0117das nuo benzino degal\u0173 \u012fpur\u0161kimo sistem\u0173.<br \/>\nPridedant degal\u0173 bak\u0105 prie\u0161 pilant degal\u0173. Apdoroja 60 litr\u0173.<\/p>","protected":false},"featured_media":3478,"template":"","meta":[],"product_brand":[],"product_cat":[1788,885],"product_tag":[],"class_list":{"0":"post-3377","1":"product","2":"type-product","3":"status-publish","4":"has-post-thumbnail","6":"product_cat-fuel-treatments","7":"product_cat-oils_lubricants","8":"product_provider-millers-oils","10":"first","11":"instock","12":"taxable","13":"shipping-taxable","14":"purchasable","15":"product-type-simple"},"aioseo_notices":[],"yoast_head":"<!-- This site is optimized with the Yoast SEO plugin v27.3 - https:\/\/yoast.com\/product\/yoast-seo-wordpress\/ -->\n<title>Petrol Injector Cleaner 400ml<\/title>\n<meta name=\"robots\" content=\"index, follow, max-snippet:-1, max-image-preview:large, max-video-preview:-1\" \/>\n<link rel=\"canonical\" href=\"https:\/\/fastcar.shop\/lt\/produktas\/petrol-injector-cleaner-400ml\/\" \/>\n<meta property=\"og:locale\" content=\"lt_LT\" \/>\n<meta property=\"og:type\" content=\"article\" \/>\n<meta property=\"og:title\" content=\"Petrol Injector Cleaner 400ml\" \/>\n<meta property=\"og:description\" content=\"Petrol Injector Cleaner is a maximum strength, highly concentrated cleaning agent developed to remove deposits from petrol fuel injection systems. By addition to the fuel tank prior to refuelling. Treats 60 litres.\" \/>\n<meta property=\"og:url\" content=\"https:\/\/fastcar.shop\/lt\/produktas\/petrol-injector-cleaner-400ml\/\" \/>\n<meta property=\"og:site_name\" content=\"Fast Car Shop\" \/>\n<meta property=\"article:publisher\" content=\"https:\/\/www.facebook.com\/FastcarLt?locale=lt_LT\" \/>\n<meta property=\"article:modified_time\" content=\"2025-05-21T10:35:06+00:00\" \/>\n<meta property=\"og:image\" content=\"https:\/\/fastcar.shop\/wp-content\/uploads\/2022\/01\/millers-oils-epp-injector-cleaner.jpg\" \/>\n\t<meta property=\"og:image:width\" content=\"560\" \/>\n\t<meta property=\"og:image:height\" content=\"560\" \/>\n\t<meta property=\"og:image:type\" content=\"image\/jpeg\" \/>\n<meta name=\"twitter:card\" content=\"summary_large_image\" \/>\n<!-- \/ Yoast SEO plugin. -->","yoast_head_json":{"title":"Benzino purk\u0161tuk\u0173 valiklis 400ml","robots":{"index":"index","follow":"follow","max-snippet":"max-snippet:-1","max-image-preview":"max-image-preview:large","max-video-preview":"max-video-preview:-1"},"canonical":"https:\/\/fastcar.shop\/lt\/produktas\/petrol-injector-cleaner-400ml\/","og_locale":"lt_LT","og_type":"article","og_title":"Petrol Injector Cleaner 400ml","og_description":"Petrol Injector Cleaner is a maximum strength, highly concentrated cleaning agent developed to remove deposits from petrol fuel injection systems. By addition to the fuel tank prior to refuelling. Treats 60 litres.","og_url":"https:\/\/fastcar.shop\/lt\/produktas\/petrol-injector-cleaner-400ml\/","og_site_name":"Fast Car Shop","article_publisher":"https:\/\/www.facebook.com\/FastcarLt?locale=lt_LT","article_modified_time":"2025-05-21T10:35:06+00:00","og_image":[{"width":560,"height":560,"url":"https:\/\/fastcar.shop\/wp-content\/uploads\/2022\/01\/millers-oils-epp-injector-cleaner.jpg","type":"image\/jpeg"}],"twitter_card":"summary_large_image","schema":{"@context":"https:\/\/schema.org","@graph":[{"@type":"WebPage","@id":"https:\/\/fastcar.shop\/product\/petrol-injector-cleaner-400ml\/","url":"https:\/\/fastcar.shop\/product\/petrol-injector-cleaner-400ml\/","name":"Benzino purk\u0161tuk\u0173 valiklis 400ml","isPartOf":{"@id":"https:\/\/fastcar.shop\/#website"},"primaryImageOfPage":{"@id":"https:\/\/fastcar.shop\/product\/petrol-injector-cleaner-400ml\/#primaryimage"},"image":{"@id":"https:\/\/fastcar.shop\/product\/petrol-injector-cleaner-400ml\/#primaryimage"},"thumbnailUrl":"https:\/\/fastcar.shop\/wp-content\/uploads\/2022\/01\/millers-oils-epp-injector-cleaner.jpg","datePublished":"2022-01-14T18:27:30+00:00","dateModified":"2025-05-21T10:35:06+00:00","breadcrumb":{"@id":"https:\/\/fastcar.shop\/product\/petrol-injector-cleaner-400ml\/#breadcrumb"},"inLanguage":"lt-LT","potentialAction":[{"@type":"ReadAction","target":["https:\/\/fastcar.shop\/product\/petrol-injector-cleaner-400ml\/"]}]},{"@type":"ImageObject","inLanguage":"lt-LT","@id":"https:\/\/fastcar.shop\/product\/petrol-injector-cleaner-400ml\/#primaryimage","url":"https:\/\/fastcar.shop\/wp-content\/uploads\/2022\/01\/millers-oils-epp-injector-cleaner.jpg","contentUrl":"https:\/\/fastcar.shop\/wp-content\/uploads\/2022\/01\/millers-oils-epp-injector-cleaner.jpg","width":560,"height":560},{"@type":"BreadcrumbList","@id":"https:\/\/fastcar.shop\/product\/petrol-injector-cleaner-400ml\/#breadcrumb","itemListElement":[{"@type":"ListItem","position":1,"name":"Home","item":"https:\/\/fastcar.shop\/"},{"@type":"ListItem","position":2,"name":"Shop","item":"https:\/\/fastcar.shop\/shop\/"},{"@type":"ListItem","position":3,"name":"MILLERS OILS Petrol Injector Cleaner 400ml"}]},{"@type":"WebSite","@id":"https:\/\/fastcar.shop\/#website","url":"https:\/\/fastcar.shop\/","name":"Greit\u0173 automobili\u0173 parduotuv\u0117","description":"","publisher":{"@id":"https:\/\/fastcar.shop\/#organization"},"potentialAction":[{"@type":"SearchAction","target":{"@type":"EntryPoint","urlTemplate":"https:\/\/fastcar.shop\/?s={search_term_string}"},"query-input":{"@type":"PropertyValueSpecification","valueRequired":true,"valueName":"search_term_string"}}],"inLanguage":"lt-LT"},{"@type":"Organization","@id":"https:\/\/fastcar.shop\/#organization","name":"Fastcar.shop","url":"https:\/\/fastcar.shop\/","logo":{"@type":"ImageObject","inLanguage":"lt-LT","@id":"https:\/\/fastcar.shop\/#\/schema\/logo\/image\/","url":"https:\/\/fastcar.shop\/wp-content\/uploads\/2017\/08\/FCS_JPEG-01-scaled.jpg","contentUrl":"https:\/\/fastcar.shop\/wp-content\/uploads\/2017\/08\/FCS_JPEG-01-scaled.jpg","width":2560,"height":1379,"caption":"Fastcar.shop"},"image":{"@id":"https:\/\/fastcar.shop\/#\/schema\/logo\/image\/"},"sameAs":["https:\/\/www.facebook.com\/FastcarLt?locale=lt_LT","https:\/\/www.instagram.com\/fastcar.shop\/"]}]}},"jetpack_sharing_enabled":true,"_links":{"self":[{"href":"https:\/\/fastcar.shop\/lt\/wp-json\/wp\/v2\/product\/3377","targetHints":{"allow":["GET"]}}],"collection":[{"href":"https:\/\/fastcar.shop\/lt\/wp-json\/wp\/v2\/product"}],"about":[{"href":"https:\/\/fastcar.shop\/lt\/wp-json\/wp\/v2\/types\/product"}],"wp:featuredmedia":[{"embeddable":true,"href":"https:\/\/fastcar.shop\/lt\/wp-json\/wp\/v2\/media\/3478"}],"wp:attachment":[{"href":"https:\/\/fastcar.shop\/lt\/wp-json\/wp\/v2\/media?parent=3377"}],"wp:term":[{"taxonomy":"product_brand","embeddable":true,"href":"https:\/\/fastcar.shop\/lt\/wp-json\/wp\/v2\/product_brand?post=3377"},{"taxonomy":"product_cat","embeddable":true,"href":"https:\/\/fastcar.shop\/lt\/wp-json\/wp\/v2\/product_cat?post=3377"},{"taxonomy":"product_tag","embeddable":true,"href":"https:\/\/fastcar.shop\/lt\/wp-json\/wp\/v2\/product_tag?post=3377"}],"curies":[{"name":"wp","href":"https:\/\/api.w.org\/{rel}","templated":true}]}}