{"id":3371,"date":"2022-01-14T17:55:49","date_gmt":"2022-01-14T17:55:49","guid":{"rendered":"https:\/\/fastcar.shop\/?post_type=product&#038;p=3371"},"modified":"2025-04-09T16:16:02","modified_gmt":"2025-04-09T13:16:02","slug":"black-moly-mm2","status":"publish","type":"product","link":"https:\/\/fastcar.shop\/lt\/product\/black-moly-mm2\/","title":{"rendered":"MILLERS ALIEJAI Juodasis molibdenas MM2 400g"},"content":{"rendered":"<div class=\"product_single__features\">\n<div class=\"product_single__features__title\">\n<p style=\"text-align: left;\">Savyb\u0117s ir privalumai<\/p>\n<\/div>\n<div class=\"product_single__features__content\">\n<div class=\"wprt-container\">\n<ul>\n<li style=\"text-align: left;\">Universalus, universalus tepalas<\/li>\n<li style=\"text-align: left;\">Auk\u0161tas apsaugos nuo korozijos laipsnis<\/li>\n<li style=\"text-align: left;\">Ekstremalus sl\u0117gis ir atsparumas dilimui, apsaugantis nuo apkrovos<\/li>\n<li style=\"text-align: left;\">Platus darbin\u0117s temperat\u016bros diapazonas -20\u00b0C iki +140\u00b0C<\/li>\n<\/ul>\n<p style=\"text-align: left;\"><a href=\"https:\/\/fastcar.shop\/wp-content\/uploads\/2022\/01\/BlackMoly-MM2.pdf\">Gaminio duomen\u0173 lapas <img loading=\"lazy\" decoding=\"async\" class=\"alignnone size-full wp-image-3251\" src=\"https:\/\/fastcar.shop\/wp-content\/uploads\/2022\/01\/pdf-e1641824783993.png\" alt=\"\" width=\"30\" height=\"23\" \/><\/a><\/p>\n<\/div>\n<\/div>\n<\/div>","protected":false},"excerpt":{"rendered":"<p style=\"text-align: left;\">Black Moly MM2 yra universalus li\u010dio tepalas su molibdeno disulfido kietosiomis med\u017eiagomis. Black Moly MM2 idealiai tinka naudoti, kai reikalingas auk\u0161tas nusid\u0117v\u0117jimo ir EP na\u0161umo lygis tiek pramon\u0117s, tiek automobili\u0173 sektoriuose.<\/p>\n<p>&nbsp;<\/p>","protected":false},"featured_media":3373,"template":"","meta":[],"product_brand":[],"product_cat":[1790,885],"product_tag":[],"class_list":{"0":"post-3371","1":"product","2":"type-product","3":"status-publish","4":"has-post-thumbnail","6":"product_cat-grease","7":"product_cat-oils_lubricants","8":"product_provider-millers-oils","10":"first","11":"instock","12":"taxable","13":"shipping-taxable","14":"purchasable","15":"product-type-simple"},"aioseo_notices":[],"yoast_head":"<!-- This site is optimized with the Yoast SEO plugin v27.5 - https:\/\/yoast.com\/product\/yoast-seo-wordpress\/ -->\n<title>Black Moly MM2 400g<\/title>\n<meta name=\"robots\" content=\"index, follow, max-snippet:-1, max-image-preview:large, max-video-preview:-1\" \/>\n<link rel=\"canonical\" href=\"https:\/\/fastcar.shop\/lt\/produktas\/black-moly-mm2\/\" \/>\n<meta property=\"og:locale\" content=\"lt_LT\" \/>\n<meta property=\"og:type\" content=\"article\" \/>\n<meta property=\"og:title\" content=\"Black Moly MM2 400g\" \/>\n<meta property=\"og:description\" content=\"Black Moly MM2 is a multi-purpose lithium grease with molybdenum disulphide solids. Black Moly MM2 is ideal for applications where a high level of anti-wear and EP performance is required, both in the industrial and automotive sectors. &nbsp;\" \/>\n<meta property=\"og:url\" content=\"https:\/\/fastcar.shop\/lt\/produktas\/black-moly-mm2\/\" \/>\n<meta property=\"og:site_name\" content=\"Fast Car Shop\" \/>\n<meta property=\"article:publisher\" content=\"https:\/\/www.facebook.com\/FastcarLt?locale=lt_LT\" \/>\n<meta property=\"article:modified_time\" content=\"2025-04-09T13:16:02+00:00\" \/>\n<meta property=\"og:image\" content=\"https:\/\/fastcar.shop\/wp-content\/uploads\/2022\/01\/Millers_oils_black-moly-mm2-grease-400g.jpeg\" \/>\n\t<meta property=\"og:image:width\" content=\"550\" \/>\n\t<meta property=\"og:image:height\" content=\"550\" \/>\n\t<meta property=\"og:image:type\" content=\"image\/jpeg\" \/>\n<meta name=\"twitter:card\" content=\"summary_large_image\" \/>\n<!-- \/ Yoast SEO plugin. -->","yoast_head_json":{"title":"Black Moly MM2 400g","robots":{"index":"index","follow":"follow","max-snippet":"max-snippet:-1","max-image-preview":"max-image-preview:large","max-video-preview":"max-video-preview:-1"},"canonical":"https:\/\/fastcar.shop\/lt\/produktas\/black-moly-mm2\/","og_locale":"lt_LT","og_type":"article","og_title":"Black Moly MM2 400g","og_description":"Black Moly MM2 is a multi-purpose lithium grease with molybdenum disulphide solids. Black Moly MM2 is ideal for applications where a high level of anti-wear and EP performance is required, both in the industrial and automotive sectors. &nbsp;","og_url":"https:\/\/fastcar.shop\/lt\/produktas\/black-moly-mm2\/","og_site_name":"Fast Car Shop","article_publisher":"https:\/\/www.facebook.com\/FastcarLt?locale=lt_LT","article_modified_time":"2025-04-09T13:16:02+00:00","og_image":[{"width":550,"height":550,"url":"https:\/\/fastcar.shop\/wp-content\/uploads\/2022\/01\/Millers_oils_black-moly-mm2-grease-400g.jpeg","type":"image\/jpeg"}],"twitter_card":"summary_large_image","schema":{"@context":"https:\/\/schema.org","@graph":[{"@type":"WebPage","@id":"https:\/\/fastcar.shop\/product\/black-moly-mm2\/","url":"https:\/\/fastcar.shop\/product\/black-moly-mm2\/","name":"Black Moly MM2 400g","isPartOf":{"@id":"https:\/\/fastcar.shop\/#website"},"primaryImageOfPage":{"@id":"https:\/\/fastcar.shop\/product\/black-moly-mm2\/#primaryimage"},"image":{"@id":"https:\/\/fastcar.shop\/product\/black-moly-mm2\/#primaryimage"},"thumbnailUrl":"https:\/\/fastcar.shop\/wp-content\/uploads\/2022\/01\/Millers_oils_black-moly-mm2-grease-400g.jpeg","datePublished":"2022-01-14T17:55:49+00:00","dateModified":"2025-04-09T13:16:02+00:00","breadcrumb":{"@id":"https:\/\/fastcar.shop\/product\/black-moly-mm2\/#breadcrumb"},"inLanguage":"lt-LT","potentialAction":[{"@type":"ReadAction","target":["https:\/\/fastcar.shop\/product\/black-moly-mm2\/"]}]},{"@type":"ImageObject","inLanguage":"lt-LT","@id":"https:\/\/fastcar.shop\/product\/black-moly-mm2\/#primaryimage","url":"https:\/\/fastcar.shop\/wp-content\/uploads\/2022\/01\/Millers_oils_black-moly-mm2-grease-400g.jpeg","contentUrl":"https:\/\/fastcar.shop\/wp-content\/uploads\/2022\/01\/Millers_oils_black-moly-mm2-grease-400g.jpeg","width":550,"height":550},{"@type":"BreadcrumbList","@id":"https:\/\/fastcar.shop\/product\/black-moly-mm2\/#breadcrumb","itemListElement":[{"@type":"ListItem","position":1,"name":"Home","item":"https:\/\/fastcar.shop\/"},{"@type":"ListItem","position":2,"name":"Shop","item":"https:\/\/fastcar.shop\/shop\/"},{"@type":"ListItem","position":3,"name":"MILLERS OILS Black Moly MM2 400g"}]},{"@type":"WebSite","@id":"https:\/\/fastcar.shop\/#website","url":"https:\/\/fastcar.shop\/","name":"Greit\u0173 automobili\u0173 parduotuv\u0117","description":"","publisher":{"@id":"https:\/\/fastcar.shop\/#organization"},"potentialAction":[{"@type":"SearchAction","target":{"@type":"EntryPoint","urlTemplate":"https:\/\/fastcar.shop\/?s={search_term_string}"},"query-input":{"@type":"PropertyValueSpecification","valueRequired":true,"valueName":"search_term_string"}}],"inLanguage":"lt-LT"},{"@type":"Organization","@id":"https:\/\/fastcar.shop\/#organization","name":"Fastcar.shop","url":"https:\/\/fastcar.shop\/","logo":{"@type":"ImageObject","inLanguage":"lt-LT","@id":"https:\/\/fastcar.shop\/#\/schema\/logo\/image\/","url":"https:\/\/fastcar.shop\/wp-content\/uploads\/2017\/08\/FCS_JPEG-01-scaled.jpg","contentUrl":"https:\/\/fastcar.shop\/wp-content\/uploads\/2017\/08\/FCS_JPEG-01-scaled.jpg","width":2560,"height":1379,"caption":"Fastcar.shop"},"image":{"@id":"https:\/\/fastcar.shop\/#\/schema\/logo\/image\/"},"sameAs":["https:\/\/www.facebook.com\/FastcarLt?locale=lt_LT","https:\/\/www.instagram.com\/fastcar.shop\/"]}]}},"jetpack_sharing_enabled":true,"_links":{"self":[{"href":"https:\/\/fastcar.shop\/lt\/wp-json\/wp\/v2\/product\/3371","targetHints":{"allow":["GET"]}}],"collection":[{"href":"https:\/\/fastcar.shop\/lt\/wp-json\/wp\/v2\/product"}],"about":[{"href":"https:\/\/fastcar.shop\/lt\/wp-json\/wp\/v2\/types\/product"}],"wp:featuredmedia":[{"embeddable":true,"href":"https:\/\/fastcar.shop\/lt\/wp-json\/wp\/v2\/media\/3373"}],"wp:attachment":[{"href":"https:\/\/fastcar.shop\/lt\/wp-json\/wp\/v2\/media?parent=3371"}],"wp:term":[{"taxonomy":"product_brand","embeddable":true,"href":"https:\/\/fastcar.shop\/lt\/wp-json\/wp\/v2\/product_brand?post=3371"},{"taxonomy":"product_cat","embeddable":true,"href":"https:\/\/fastcar.shop\/lt\/wp-json\/wp\/v2\/product_cat?post=3371"},{"taxonomy":"product_tag","embeddable":true,"href":"https:\/\/fastcar.shop\/lt\/wp-json\/wp\/v2\/product_tag?post=3371"}],"curies":[{"name":"wp","href":"https:\/\/api.w.org\/{rel}","templated":true}]}}