{"id":3340,"date":"2022-01-13T14:15:15","date_gmt":"2022-01-13T14:15:15","guid":{"rendered":"https:\/\/fastcar.shop\/?post_type=product&#038;p=3340"},"modified":"2025-08-01T16:09:30","modified_gmt":"2025-08-01T13:09:30","slug":"ee-performance-engine-oil-5w40","status":"publish","type":"product","link":"https:\/\/fastcar.shop\/lt\/product\/ee-performance-engine-oil-5w40\/","title":{"rendered":"MILLERS OILS EE Performance Engine Oil 5w40"},"content":{"rendered":"<div class=\"product_single__features\">\n<div class=\"product_single__features__title\">\n<p style=\"text-align: left;\">Savyb\u0117s ir privalumai<\/p>\n<\/div>\n<div class=\"product_single__features__content\">\n<div class=\"wprt-container\">\n<ul>\n<li style=\"text-align: left;\">Didesn\u0117 variklio galia ir sukimo momentas d\u0117l apdovanojimus pelniusios NANODRIVE ma\u017eos trinties technologijos ir sintetini\u0173 esteri\u0173 sud\u0117ties.<\/li>\n<li style=\"text-align: left;\">D\u0117l momentinio sutepimo pailg\u0117ja komponent\u0173 tarnavimo laikas ir suma\u017einta darbin\u0117 temperat\u016bra<br \/>\nsuteikia NANODRIVE ma\u017eos trinties technologija.<\/li>\n<li style=\"text-align: left;\">\u201eTrack day ready\u201c, auk\u0161tos kokyb\u0117s alyva; u\u017etikrina maksimal\u0173 variklio na\u0161um\u0105 susitikimo metu<br \/>\ngamintojo specifikacijas ir rekomenduojam\u0105 alyvos i\u0161leidimo interval\u0105 naudojant kelyje.<\/li>\n<li style=\"text-align: left;\">Full SAPS alyva kartu su NANODRIVE technologija u\u017etikrina auk\u0161\u010diausi\u0105 variklio apsaug\u0105.<\/li>\n<li style=\"text-align: left;\">Didesn\u0117s klampos laipsnis u\u017etikrina stabili\u0105 alyvos pl\u0117vel\u0119 ir sutepim\u0105 visame apsuk\u0173 diapazone sunkiomis s\u0105lygomis<br \/>\nprogramos, \u012fskaitant steb\u0117jimo dienos naudojim\u0105.<\/li>\n<\/ul>\n<p style=\"text-align: left;\"><a href=\"https:\/\/fastcar.shop\/wp-content\/uploads\/2022\/01\/EE-PERFORMANCE-5w40.pdf\">Gaminio duomen\u0173 lapas <img loading=\"lazy\" decoding=\"async\" class=\"alignnone size-full wp-image-3251\" src=\"https:\/\/fastcar.shop\/wp-content\/uploads\/2022\/01\/pdf-e1641824783993.png\" alt=\"\" width=\"30\" height=\"23\" \/> <\/a><\/p>\n<\/div>\n<\/div>\n<\/div>","protected":false},"excerpt":{"rendered":"<div class=\"product_single__features__content\">\n<div class=\"wprt-container\">\n<p style=\"text-align: left;\">Efektyvi variklio alyva su NANODRIVE<br \/>\nma\u017eos trinties technologija transporto priemon\u0117ms, kurioms reikia<br \/>\nA3\/B4 arba A3\/B3 5w40 specifikacija,<br \/>\ndaugiausia Europos ir Azijos auk\u0161t\u0173j\u0173<br \/>\nefektyvios transporto priemon\u0117s, \u012fskaitant AMG, Aston<br \/>\nMartin, BMW, Ferrari, GM (\u201eOpel\u201c, \u201eVauxhall\u201c,<br \/>\nSaab) Lamborghini, Maserati, Mercedes Benz,<br \/>\n\u201eNissan Sport\u201c, \u201ePorsche\u201c, \u201eRenault Sport\u201c.<\/p>\n<p style=\"text-align: left;\"><strong>Rekomenduojama:<\/strong><\/p>\n<p style=\"text-align: left;\">ACEA A3\/B4, ACEA A3\/B3<br \/>\nAPI SN, SM, SL, CF<br \/>\nBMW Longlife-01, BMW Longlife-98<br \/>\nChrysler MS 10725<br \/>\nGM-LL-B-025, GM-LL-A-025<br \/>\nMB 229,5, MB 229,3, MB 229,1, MB 226,5<br \/>\nPorsche A40<br \/>\nPSA B71 2296<br \/>\nRN0700 \/ RN0710<br \/>\nVW 502 00 \/ 505 00<br \/>\nAMG, Aston Martin, Ferrari, Lamborghini,<br \/>\nMaserati, Nissan Sport, Renault Sport, Saab<br \/>\nAzijos gamintojai<\/p>\n<\/div>\n<\/div>","protected":false},"featured_media":3343,"template":"","meta":[],"product_brand":[],"product_cat":[1786,885],"product_tag":[],"class_list":{"0":"post-3340","1":"product","2":"type-product","3":"status-publish","4":"has-post-thumbnail","6":"product_cat-engine-oil","7":"product_cat-oils_lubricants","8":"product_provider-millers-oils","10":"first","11":"instock","12":"taxable","13":"shipping-taxable","14":"purchasable","15":"product-type-variable"},"aioseo_notices":[],"yoast_head":"<!-- This site is optimized with the Yoast SEO plugin v27.3 - https:\/\/yoast.com\/product\/yoast-seo-wordpress\/ -->\n<title>EE Performance Engine Oil 5w40<\/title>\n<meta name=\"robots\" content=\"index, follow, max-snippet:-1, max-image-preview:large, max-video-preview:-1\" \/>\n<link rel=\"canonical\" href=\"https:\/\/fastcar.shop\/lt\/produktas\/ee-performance-engine-oil-5w40\/\" \/>\n<meta property=\"og:locale\" content=\"lt_LT\" \/>\n<meta property=\"og:type\" content=\"article\" \/>\n<meta property=\"og:title\" content=\"EE Performance Engine Oil 5w40\" \/>\n<meta property=\"og:description\" content=\"A performance engine oil featuring NANODRIVE low friction technology for vehicles requiring an A3\/B4 or A3\/B3 5w40 specification, predominantly for European and Asian high performance vehicles including AMG, Aston Martin, BMW, Ferrari, GM (Opel, Vauxhall, Saab) Lamborghini, Maserati, Mercedes Benz, Nissan Sport, Porsche, Renault Sport. Recommended for: ACEA A3\/B4, ACEA A3\/B3 API SN, SM, SL, CF BMW Longlife-01, BMW Longlife-98 Chrysler MS 10725 GM-LL-B-025, GM-LL-A-025 MB 229.5, MB 229.3, MB 229.1, MB 226.5 Porsche A40 PSA B71 2296 RN0700 \/ RN0710 VW 502 00 \/ 505 00 AMG, Aston Martin, Ferrari, Lamborghini, Maserati, Nissan Sport, Renault Sport, Saab Asian manufacturers\" \/>\n<meta property=\"og:url\" content=\"https:\/\/fastcar.shop\/lt\/produktas\/ee-performance-engine-oil-5w40\/\" \/>\n<meta property=\"og:site_name\" content=\"Fast Car Shop\" \/>\n<meta property=\"article:publisher\" content=\"https:\/\/www.facebook.com\/FastcarLt?locale=lt_LT\" \/>\n<meta property=\"article:modified_time\" content=\"2025-08-01T13:09:30+00:00\" \/>\n<meta property=\"og:image\" content=\"https:\/\/fastcar.shop\/wp-content\/uploads\/2022\/01\/millers_oils_ee-perf-2.jpg\" \/>\n\t<meta property=\"og:image:width\" content=\"560\" \/>\n\t<meta property=\"og:image:height\" content=\"560\" \/>\n\t<meta property=\"og:image:type\" content=\"image\/jpeg\" \/>\n<meta name=\"twitter:card\" content=\"summary_large_image\" \/>\n<!-- \/ Yoast SEO plugin. -->","yoast_head_json":{"title":"EE Performance variklio alyva 5w40","robots":{"index":"index","follow":"follow","max-snippet":"max-snippet:-1","max-image-preview":"max-image-preview:large","max-video-preview":"max-video-preview:-1"},"canonical":"https:\/\/fastcar.shop\/lt\/produktas\/ee-performance-engine-oil-5w40\/","og_locale":"lt_LT","og_type":"article","og_title":"EE Performance Engine Oil 5w40","og_description":"A performance engine oil featuring NANODRIVE low friction technology for vehicles requiring an A3\/B4 or A3\/B3 5w40 specification, predominantly for European and Asian high performance vehicles including AMG, Aston Martin, BMW, Ferrari, GM (Opel, Vauxhall, Saab) Lamborghini, Maserati, Mercedes Benz, Nissan Sport, Porsche, Renault Sport. Recommended for: ACEA A3\/B4, ACEA A3\/B3 API SN, SM, SL, CF BMW Longlife-01, BMW Longlife-98 Chrysler MS 10725 GM-LL-B-025, GM-LL-A-025 MB 229.5, MB 229.3, MB 229.1, MB 226.5 Porsche A40 PSA B71 2296 RN0700 \/ RN0710 VW 502 00 \/ 505 00 AMG, Aston Martin, Ferrari, Lamborghini, Maserati, Nissan Sport, Renault Sport, Saab Asian manufacturers","og_url":"https:\/\/fastcar.shop\/lt\/produktas\/ee-performance-engine-oil-5w40\/","og_site_name":"Fast Car Shop","article_publisher":"https:\/\/www.facebook.com\/FastcarLt?locale=lt_LT","article_modified_time":"2025-08-01T13:09:30+00:00","og_image":[{"width":560,"height":560,"url":"https:\/\/fastcar.shop\/wp-content\/uploads\/2022\/01\/millers_oils_ee-perf-2.jpg","type":"image\/jpeg"}],"twitter_card":"summary_large_image","schema":{"@context":"https:\/\/schema.org","@graph":[{"@type":"WebPage","@id":"https:\/\/fastcar.shop\/product\/ee-performance-engine-oil-5w40\/","url":"https:\/\/fastcar.shop\/product\/ee-performance-engine-oil-5w40\/","name":"EE Performance variklio alyva 5w40","isPartOf":{"@id":"https:\/\/fastcar.shop\/#website"},"primaryImageOfPage":{"@id":"https:\/\/fastcar.shop\/product\/ee-performance-engine-oil-5w40\/#primaryimage"},"image":{"@id":"https:\/\/fastcar.shop\/product\/ee-performance-engine-oil-5w40\/#primaryimage"},"thumbnailUrl":"https:\/\/fastcar.shop\/wp-content\/uploads\/2022\/01\/millers_oils_ee-perf-2.jpg","datePublished":"2022-01-13T14:15:15+00:00","dateModified":"2025-08-01T13:09:30+00:00","breadcrumb":{"@id":"https:\/\/fastcar.shop\/product\/ee-performance-engine-oil-5w40\/#breadcrumb"},"inLanguage":"lt-LT","potentialAction":[{"@type":"ReadAction","target":["https:\/\/fastcar.shop\/product\/ee-performance-engine-oil-5w40\/"]}]},{"@type":"ImageObject","inLanguage":"lt-LT","@id":"https:\/\/fastcar.shop\/product\/ee-performance-engine-oil-5w40\/#primaryimage","url":"https:\/\/fastcar.shop\/wp-content\/uploads\/2022\/01\/millers_oils_ee-perf-2.jpg","contentUrl":"https:\/\/fastcar.shop\/wp-content\/uploads\/2022\/01\/millers_oils_ee-perf-2.jpg","width":560,"height":560},{"@type":"BreadcrumbList","@id":"https:\/\/fastcar.shop\/product\/ee-performance-engine-oil-5w40\/#breadcrumb","itemListElement":[{"@type":"ListItem","position":1,"name":"Home","item":"https:\/\/fastcar.shop\/"},{"@type":"ListItem","position":2,"name":"Shop","item":"https:\/\/fastcar.shop\/shop\/"},{"@type":"ListItem","position":3,"name":"MILLERS OILS EE Performance Engine Oil 5w40"}]},{"@type":"WebSite","@id":"https:\/\/fastcar.shop\/#website","url":"https:\/\/fastcar.shop\/","name":"Greit\u0173 automobili\u0173 parduotuv\u0117","description":"","publisher":{"@id":"https:\/\/fastcar.shop\/#organization"},"potentialAction":[{"@type":"SearchAction","target":{"@type":"EntryPoint","urlTemplate":"https:\/\/fastcar.shop\/?s={search_term_string}"},"query-input":{"@type":"PropertyValueSpecification","valueRequired":true,"valueName":"search_term_string"}}],"inLanguage":"lt-LT"},{"@type":"Organization","@id":"https:\/\/fastcar.shop\/#organization","name":"Fastcar.shop","url":"https:\/\/fastcar.shop\/","logo":{"@type":"ImageObject","inLanguage":"lt-LT","@id":"https:\/\/fastcar.shop\/#\/schema\/logo\/image\/","url":"https:\/\/fastcar.shop\/wp-content\/uploads\/2017\/08\/FCS_JPEG-01-scaled.jpg","contentUrl":"https:\/\/fastcar.shop\/wp-content\/uploads\/2017\/08\/FCS_JPEG-01-scaled.jpg","width":2560,"height":1379,"caption":"Fastcar.shop"},"image":{"@id":"https:\/\/fastcar.shop\/#\/schema\/logo\/image\/"},"sameAs":["https:\/\/www.facebook.com\/FastcarLt?locale=lt_LT","https:\/\/www.instagram.com\/fastcar.shop\/"]}]}},"jetpack_sharing_enabled":true,"_links":{"self":[{"href":"https:\/\/fastcar.shop\/lt\/wp-json\/wp\/v2\/product\/3340","targetHints":{"allow":["GET"]}}],"collection":[{"href":"https:\/\/fastcar.shop\/lt\/wp-json\/wp\/v2\/product"}],"about":[{"href":"https:\/\/fastcar.shop\/lt\/wp-json\/wp\/v2\/types\/product"}],"wp:featuredmedia":[{"embeddable":true,"href":"https:\/\/fastcar.shop\/lt\/wp-json\/wp\/v2\/media\/3343"}],"wp:attachment":[{"href":"https:\/\/fastcar.shop\/lt\/wp-json\/wp\/v2\/media?parent=3340"}],"wp:term":[{"taxonomy":"product_brand","embeddable":true,"href":"https:\/\/fastcar.shop\/lt\/wp-json\/wp\/v2\/product_brand?post=3340"},{"taxonomy":"product_cat","embeddable":true,"href":"https:\/\/fastcar.shop\/lt\/wp-json\/wp\/v2\/product_cat?post=3340"},{"taxonomy":"product_tag","embeddable":true,"href":"https:\/\/fastcar.shop\/lt\/wp-json\/wp\/v2\/product_tag?post=3340"}],"curies":[{"name":"wp","href":"https:\/\/api.w.org\/{rel}","templated":true}]}}