{"id":3273,"date":"2022-01-12T10:07:04","date_gmt":"2022-01-12T10:07:04","guid":{"rendered":"https:\/\/fastcar.shop\/?post_type=product&#038;p=3273"},"modified":"2025-09-02T17:02:09","modified_gmt":"2025-09-02T14:02:09","slug":"cfs-10w50","status":"publish","type":"product","link":"https:\/\/fastcar.shop\/lt\/product\/cfs-10w50\/","title":{"rendered":"MILLERS OILS CFS 10w50"},"content":{"rendered":"<p style=\"text-align: left;\">Savyb\u0117s ir privalumai<\/p>\n<ul>\n<li style=\"text-align: left;\">Auk\u0161tos kokyb\u0117s alyvos apsaugo varikl\u012f tiek \u017eemoje u\u017evedimo, tiek auk\u0161toje veikimo temperat\u016broje.<\/li>\n<li style=\"text-align: left;\">Trigubo esterio formul\u0117 veikia sinergi\u0161kai, kad b\u016bt\u0173 optimizuotas pl\u0117vel\u0117s stiprumas ir apsauga nuo nusid\u0117v\u0117jimo.<\/li>\n<li style=\"text-align: left;\">Originali NANODRIVE ma\u017eos trinties technologija padidina gali\u0105.<\/li>\n<\/ul>\n<p style=\"text-align: left;\"><a href=\"https:\/\/fastcar.shop\/wp-content\/uploads\/2022\/01\/CFS-10w50.pdf\">Gaminio duomen\u0173 lapas <img loading=\"lazy\" decoding=\"async\" class=\"alignnone size-full wp-image-3251\" src=\"https:\/\/fastcar.shop\/wp-content\/uploads\/2022\/01\/pdf-e1641824783993.png\" alt=\"\" width=\"30\" height=\"23\" \/><\/a><\/p>","protected":false},"excerpt":{"rendered":"<p style=\"text-align: left;\">CFS 10w50 yra Competition Fully Synthetic variklini\u0173 alyv\u0173 asortimento dalis, apimanti originali\u0105 Millers Oils NANODRIVE ma\u017eos trinties technologij\u0105, didinan\u010di\u0105 gali\u0105 ir sukimo moment\u0105, kad b\u016bt\u0173 pasiektas konkurencinis prana\u0161umas neprofesionaliose lenktyn\u0117se.<\/p>","protected":false},"featured_media":4553,"template":"","meta":[],"product_brand":[],"product_cat":[1786,1792,885],"product_tag":[],"class_list":{"0":"post-3273","1":"product","2":"type-product","3":"status-publish","4":"has-post-thumbnail","6":"product_cat-engine-oil","7":"product_cat-racing","8":"product_cat-oils_lubricants","9":"product_provider-millers-oils","11":"first","12":"instock","13":"taxable","14":"shipping-taxable","15":"purchasable","16":"product-type-variable"},"aioseo_notices":[],"yoast_head":"<!-- This site is optimized with the Yoast SEO plugin v27.3 - https:\/\/yoast.com\/product\/yoast-seo-wordpress\/ -->\n<title>CFS 10w50<\/title>\n<meta name=\"robots\" content=\"index, follow, max-snippet:-1, max-image-preview:large, max-video-preview:-1\" \/>\n<link rel=\"canonical\" href=\"https:\/\/fastcar.shop\/lt\/produktas\/cfs-10w50\/\" \/>\n<meta property=\"og:locale\" content=\"lt_LT\" \/>\n<meta property=\"og:type\" content=\"article\" \/>\n<meta property=\"og:title\" content=\"CFS 10w50\" \/>\n<meta property=\"og:description\" content=\"CFS 10w50 is part of the Competition Fully Synthetic ranges of engine oils, incorporating Millers Oils original NANODRIVE low friction technology, increasing power and torque for a competitive edge in non-professional racing.\" \/>\n<meta property=\"og:url\" content=\"https:\/\/fastcar.shop\/lt\/produktas\/cfs-10w50\/\" \/>\n<meta property=\"og:site_name\" content=\"Fast Car Shop\" \/>\n<meta property=\"article:publisher\" content=\"https:\/\/www.facebook.com\/FastcarLt?locale=lt_LT\" \/>\n<meta property=\"article:modified_time\" content=\"2025-09-02T14:02:09+00:00\" \/>\n<meta property=\"og:image\" content=\"https:\/\/fastcar.shop\/wp-content\/uploads\/2022\/01\/10w50.jpg\" \/>\n\t<meta property=\"og:image:width\" content=\"1563\" \/>\n\t<meta property=\"og:image:height\" content=\"1661\" \/>\n\t<meta property=\"og:image:type\" content=\"image\/jpeg\" \/>\n<meta name=\"twitter:card\" content=\"summary_large_image\" \/>\n<meta name=\"twitter:label1\" content=\"Est. reading time\" \/>\n\t<meta name=\"twitter:data1\" content=\"1 minut\u0117\" \/>\n<!-- \/ Yoast SEO plugin. -->","yoast_head_json":{"title":"CFS 10w50","robots":{"index":"index","follow":"follow","max-snippet":"max-snippet:-1","max-image-preview":"max-image-preview:large","max-video-preview":"max-video-preview:-1"},"canonical":"https:\/\/fastcar.shop\/lt\/produktas\/cfs-10w50\/","og_locale":"lt_LT","og_type":"article","og_title":"CFS 10w50","og_description":"CFS 10w50 is part of the Competition Fully Synthetic ranges of engine oils, incorporating Millers Oils original NANODRIVE low friction technology, increasing power and torque for a competitive edge in non-professional racing.","og_url":"https:\/\/fastcar.shop\/lt\/produktas\/cfs-10w50\/","og_site_name":"Fast Car Shop","article_publisher":"https:\/\/www.facebook.com\/FastcarLt?locale=lt_LT","article_modified_time":"2025-09-02T14:02:09+00:00","og_image":[{"width":1563,"height":1661,"url":"https:\/\/fastcar.shop\/wp-content\/uploads\/2022\/01\/10w50.jpg","type":"image\/jpeg"}],"twitter_card":"summary_large_image","twitter_misc":{"Est. reading time":"1 minut\u0117"},"schema":{"@context":"https:\/\/schema.org","@graph":[{"@type":"WebPage","@id":"https:\/\/fastcar.shop\/product\/cfs-10w50\/","url":"https:\/\/fastcar.shop\/product\/cfs-10w50\/","name":"CFS 10w50","isPartOf":{"@id":"https:\/\/fastcar.shop\/#website"},"primaryImageOfPage":{"@id":"https:\/\/fastcar.shop\/product\/cfs-10w50\/#primaryimage"},"image":{"@id":"https:\/\/fastcar.shop\/product\/cfs-10w50\/#primaryimage"},"thumbnailUrl":"https:\/\/fastcar.shop\/wp-content\/uploads\/2022\/01\/10w50.jpg","datePublished":"2022-01-12T10:07:04+00:00","dateModified":"2025-09-02T14:02:09+00:00","breadcrumb":{"@id":"https:\/\/fastcar.shop\/product\/cfs-10w50\/#breadcrumb"},"inLanguage":"lt-LT","potentialAction":[{"@type":"ReadAction","target":["https:\/\/fastcar.shop\/product\/cfs-10w50\/"]}]},{"@type":"ImageObject","inLanguage":"lt-LT","@id":"https:\/\/fastcar.shop\/product\/cfs-10w50\/#primaryimage","url":"https:\/\/fastcar.shop\/wp-content\/uploads\/2022\/01\/10w50.jpg","contentUrl":"https:\/\/fastcar.shop\/wp-content\/uploads\/2022\/01\/10w50.jpg","width":1563,"height":1661},{"@type":"BreadcrumbList","@id":"https:\/\/fastcar.shop\/product\/cfs-10w50\/#breadcrumb","itemListElement":[{"@type":"ListItem","position":1,"name":"Home","item":"https:\/\/fastcar.shop\/"},{"@type":"ListItem","position":2,"name":"Shop","item":"https:\/\/fastcar.shop\/shop\/"},{"@type":"ListItem","position":3,"name":"MILLERS OILS CFS 10w50"}]},{"@type":"WebSite","@id":"https:\/\/fastcar.shop\/#website","url":"https:\/\/fastcar.shop\/","name":"Greit\u0173 automobili\u0173 parduotuv\u0117","description":"","publisher":{"@id":"https:\/\/fastcar.shop\/#organization"},"potentialAction":[{"@type":"SearchAction","target":{"@type":"EntryPoint","urlTemplate":"https:\/\/fastcar.shop\/?s={search_term_string}"},"query-input":{"@type":"PropertyValueSpecification","valueRequired":true,"valueName":"search_term_string"}}],"inLanguage":"lt-LT"},{"@type":"Organization","@id":"https:\/\/fastcar.shop\/#organization","name":"Fastcar.shop","url":"https:\/\/fastcar.shop\/","logo":{"@type":"ImageObject","inLanguage":"lt-LT","@id":"https:\/\/fastcar.shop\/#\/schema\/logo\/image\/","url":"https:\/\/fastcar.shop\/wp-content\/uploads\/2017\/08\/FCS_JPEG-01-scaled.jpg","contentUrl":"https:\/\/fastcar.shop\/wp-content\/uploads\/2017\/08\/FCS_JPEG-01-scaled.jpg","width":2560,"height":1379,"caption":"Fastcar.shop"},"image":{"@id":"https:\/\/fastcar.shop\/#\/schema\/logo\/image\/"},"sameAs":["https:\/\/www.facebook.com\/FastcarLt?locale=lt_LT","https:\/\/www.instagram.com\/fastcar.shop\/"]}]}},"jetpack_sharing_enabled":true,"_links":{"self":[{"href":"https:\/\/fastcar.shop\/lt\/wp-json\/wp\/v2\/product\/3273","targetHints":{"allow":["GET"]}}],"collection":[{"href":"https:\/\/fastcar.shop\/lt\/wp-json\/wp\/v2\/product"}],"about":[{"href":"https:\/\/fastcar.shop\/lt\/wp-json\/wp\/v2\/types\/product"}],"wp:featuredmedia":[{"embeddable":true,"href":"https:\/\/fastcar.shop\/lt\/wp-json\/wp\/v2\/media\/4553"}],"wp:attachment":[{"href":"https:\/\/fastcar.shop\/lt\/wp-json\/wp\/v2\/media?parent=3273"}],"wp:term":[{"taxonomy":"product_brand","embeddable":true,"href":"https:\/\/fastcar.shop\/lt\/wp-json\/wp\/v2\/product_brand?post=3273"},{"taxonomy":"product_cat","embeddable":true,"href":"https:\/\/fastcar.shop\/lt\/wp-json\/wp\/v2\/product_cat?post=3273"},{"taxonomy":"product_tag","embeddable":true,"href":"https:\/\/fastcar.shop\/lt\/wp-json\/wp\/v2\/product_tag?post=3273"}],"curies":[{"name":"wp","href":"https:\/\/api.w.org\/{rel}","templated":true}]}}