{"id":3233,"date":"2022-01-09T21:34:22","date_gmt":"2022-01-09T21:34:22","guid":{"rendered":"https:\/\/fastcar.shop\/?post_type=product&#038;p=3233"},"modified":"2026-02-11T20:00:49","modified_gmt":"2026-02-11T18:00:49","slug":"assembly-lubricant-1-liter","status":"publish","type":"product","link":"https:\/\/fastcar.shop\/lt\/product\/assembly-lubricant-1-liter\/","title":{"rendered":"MILLERS OILS Assembly Lubricant 1L"},"content":{"rendered":"<div class=\"product_single__lhs\">\n<div class=\"product_single__features\">\n<div class=\"product_single__features__title\">\n<p style=\"text-align: left;\">Savyb\u0117s ir privalumai<\/p>\n<\/div>\n<div class=\"product_single__features__content\">\n<div class=\"wprt-container\">\n<ul>\n<li style=\"text-align: left;\">Surinkimo tepalas buvo specialiai sukurtas taip, kad suteikt\u0173 mechanin\u0119 apsaug\u0105 pirm\u0105 kart\u0105 paleid\u017eiant naujai surinktus komponentus.<\/li>\n<li style=\"text-align: left;\">Jis sukurtas taip, kad likt\u0173 ant surinkimo metu apdorot\u0173 komponent\u0173 ir u\u017etikrina labai auk\u0161t\u0105 apsaugos nuo nusid\u0117v\u0117jimo lyg\u012f, ypa\u010d komponentams, kurie yra veikiami didelio \u012ftempimo, pvz., skirstomuosius velenus\/atkabas, alk\u016bninio veleno guolius ir kt.<\/li>\n<li style=\"text-align: left;\">Skirtingai nuo Assembly Paste tipo jungini\u0173, Assembly Lube yra visi\u0161kai mai\u0161omas ir suderinamas su visomis variklio alyvomis ir visi\u0161kai i\u0161sisklaidys paleid\u017eiant, tod\u0117l nereikia keisti papildomo alyvos.<\/li>\n<\/ul>\n<p style=\"text-align: left;\"><a href=\"https:\/\/fastcar.shop\/wp-content\/uploads\/2022\/01\/Assembly-Lube.pdf\">Gaminio duomen\u0173 lapas <img loading=\"lazy\" decoding=\"async\" class=\"alignnone size-full wp-image-3251\" src=\"https:\/\/fastcar.shop\/wp-content\/uploads\/2022\/01\/pdf-e1641824783993.png\" alt=\"\" width=\"30\" height=\"23\" \/> <\/a><\/p>\n<\/div>\n<\/div>\n<\/div>\n<\/div>","protected":false},"excerpt":{"rendered":"<div class=\"product_single__features__content\">\n<div class=\"wprt-container\">\n<p style=\"text-align: left;\">Assembly Lube yra specialiai sukurta var\u017eyb\u0173 varikli\u0173 ir transmisijos gamintojams.<br \/>\nTirpikliu rafinuotos vidutin\u0117s baz\u0117s \u017ealiavos, apdorotos didel\u0117s koncentracijos nusid\u0117v\u0117jim\u0105 stabdan\u010diais priedais.<\/p>\n<p style=\"text-align: left;\">Naudokite taip, kaip gauta mechanini\u0173 komponent\u0173 surinkimui, kad u\u017etikrintum\u0117te apsaug\u0105 pirminio paleidimo metu.<\/p>\n<\/div>\n<\/div>","protected":false},"featured_media":4549,"template":"","meta":[],"product_brand":[],"product_cat":[1785,885],"product_tag":[],"class_list":{"0":"post-3233","1":"product","2":"type-product","3":"status-publish","4":"has-post-thumbnail","6":"product_cat-engine-builder-lubricants","7":"product_cat-oils_lubricants","8":"product_provider-millers-oils","10":"first","11":"instock","12":"taxable","13":"shipping-taxable","14":"purchasable","15":"product-type-simple"},"aioseo_notices":[],"yoast_head":"<!-- This site is optimized with the Yoast SEO plugin v27.3 - https:\/\/yoast.com\/product\/yoast-seo-wordpress\/ -->\n<title>Assembly Lubricant 1L<\/title>\n<meta name=\"robots\" content=\"index, follow, max-snippet:-1, max-image-preview:large, max-video-preview:-1\" \/>\n<link rel=\"canonical\" href=\"https:\/\/fastcar.shop\/lt\/produktas\/assembly-lubricant-1-liter\/\" \/>\n<meta property=\"og:locale\" content=\"lt_LT\" \/>\n<meta property=\"og:type\" content=\"article\" \/>\n<meta property=\"og:title\" content=\"Assembly Lubricant 1L\" \/>\n<meta property=\"og:description\" content=\"Assembly Lube is specially formulated for competition engine and transmission builders. Solvent refined medium base stocks treated with high concentration of anti-wear additives. Use as received for assembly of mechanical components to ensure protection during initial start-up.\" \/>\n<meta property=\"og:url\" content=\"https:\/\/fastcar.shop\/lt\/produktas\/assembly-lubricant-1-liter\/\" \/>\n<meta property=\"og:site_name\" content=\"Fast Car Shop\" \/>\n<meta property=\"article:publisher\" content=\"https:\/\/www.facebook.com\/FastcarLt?locale=lt_LT\" \/>\n<meta property=\"article:modified_time\" content=\"2026-02-11T18:00:49+00:00\" \/>\n<meta property=\"og:image\" content=\"https:\/\/fastcar.shop\/wp-content\/uploads\/2022\/01\/asmbl.jpg\" \/>\n\t<meta property=\"og:image:width\" content=\"1563\" \/>\n\t<meta property=\"og:image:height\" content=\"1661\" \/>\n\t<meta property=\"og:image:type\" content=\"image\/jpeg\" \/>\n<meta name=\"twitter:card\" content=\"summary_large_image\" \/>\n<meta name=\"twitter:label1\" content=\"Est. reading time\" \/>\n\t<meta name=\"twitter:data1\" content=\"1 minut\u0117\" \/>\n<!-- \/ Yoast SEO plugin. -->","yoast_head_json":{"title":"Tepalas Variklio Surinkimui  1L","robots":{"index":"index","follow":"follow","max-snippet":"max-snippet:-1","max-image-preview":"max-image-preview:large","max-video-preview":"max-video-preview:-1"},"canonical":"https:\/\/fastcar.shop\/lt\/produktas\/assembly-lubricant-1-liter\/","og_locale":"lt_LT","og_type":"article","og_title":"Assembly Lubricant 1L","og_description":"Assembly Lube is specially formulated for competition engine and transmission builders. Solvent refined medium base stocks treated with high concentration of anti-wear additives. Use as received for assembly of mechanical components to ensure protection during initial start-up.","og_url":"https:\/\/fastcar.shop\/lt\/produktas\/assembly-lubricant-1-liter\/","og_site_name":"Fast Car Shop","article_publisher":"https:\/\/www.facebook.com\/FastcarLt?locale=lt_LT","article_modified_time":"2026-02-11T18:00:49+00:00","og_image":[{"width":1563,"height":1661,"url":"https:\/\/fastcar.shop\/wp-content\/uploads\/2022\/01\/asmbl.jpg","type":"image\/jpeg"}],"twitter_card":"summary_large_image","twitter_misc":{"Est. reading time":"1 minut\u0117"},"schema":{"@context":"https:\/\/schema.org","@graph":[{"@type":"WebPage","@id":"https:\/\/fastcar.shop\/product\/assembly-lubricant-1-liter\/","url":"https:\/\/fastcar.shop\/product\/assembly-lubricant-1-liter\/","name":"Tepalas Variklio Surinkimui  1L","isPartOf":{"@id":"https:\/\/fastcar.shop\/#website"},"primaryImageOfPage":{"@id":"https:\/\/fastcar.shop\/product\/assembly-lubricant-1-liter\/#primaryimage"},"image":{"@id":"https:\/\/fastcar.shop\/product\/assembly-lubricant-1-liter\/#primaryimage"},"thumbnailUrl":"https:\/\/fastcar.shop\/wp-content\/uploads\/2022\/01\/asmbl.jpg","datePublished":"2022-01-09T21:34:22+00:00","dateModified":"2026-02-11T18:00:49+00:00","breadcrumb":{"@id":"https:\/\/fastcar.shop\/product\/assembly-lubricant-1-liter\/#breadcrumb"},"inLanguage":"lt-LT","potentialAction":[{"@type":"ReadAction","target":["https:\/\/fastcar.shop\/product\/assembly-lubricant-1-liter\/"]}]},{"@type":"ImageObject","inLanguage":"lt-LT","@id":"https:\/\/fastcar.shop\/product\/assembly-lubricant-1-liter\/#primaryimage","url":"https:\/\/fastcar.shop\/wp-content\/uploads\/2022\/01\/asmbl.jpg","contentUrl":"https:\/\/fastcar.shop\/wp-content\/uploads\/2022\/01\/asmbl.jpg","width":1563,"height":1661},{"@type":"BreadcrumbList","@id":"https:\/\/fastcar.shop\/product\/assembly-lubricant-1-liter\/#breadcrumb","itemListElement":[{"@type":"ListItem","position":1,"name":"Home","item":"https:\/\/fastcar.shop\/"},{"@type":"ListItem","position":2,"name":"Shop","item":"https:\/\/fastcar.shop\/shop\/"},{"@type":"ListItem","position":3,"name":"MILLERS OILS Assembly Lubricant 1L"}]},{"@type":"WebSite","@id":"https:\/\/fastcar.shop\/#website","url":"https:\/\/fastcar.shop\/","name":"Greit\u0173 automobili\u0173 parduotuv\u0117","description":"","publisher":{"@id":"https:\/\/fastcar.shop\/#organization"},"potentialAction":[{"@type":"SearchAction","target":{"@type":"EntryPoint","urlTemplate":"https:\/\/fastcar.shop\/?s={search_term_string}"},"query-input":{"@type":"PropertyValueSpecification","valueRequired":true,"valueName":"search_term_string"}}],"inLanguage":"lt-LT"},{"@type":"Organization","@id":"https:\/\/fastcar.shop\/#organization","name":"Fastcar.shop","url":"https:\/\/fastcar.shop\/","logo":{"@type":"ImageObject","inLanguage":"lt-LT","@id":"https:\/\/fastcar.shop\/#\/schema\/logo\/image\/","url":"https:\/\/fastcar.shop\/wp-content\/uploads\/2017\/08\/FCS_JPEG-01-scaled.jpg","contentUrl":"https:\/\/fastcar.shop\/wp-content\/uploads\/2017\/08\/FCS_JPEG-01-scaled.jpg","width":2560,"height":1379,"caption":"Fastcar.shop"},"image":{"@id":"https:\/\/fastcar.shop\/#\/schema\/logo\/image\/"},"sameAs":["https:\/\/www.facebook.com\/FastcarLt?locale=lt_LT","https:\/\/www.instagram.com\/fastcar.shop\/"]}]}},"jetpack_sharing_enabled":true,"_links":{"self":[{"href":"https:\/\/fastcar.shop\/lt\/wp-json\/wp\/v2\/product\/3233","targetHints":{"allow":["GET"]}}],"collection":[{"href":"https:\/\/fastcar.shop\/lt\/wp-json\/wp\/v2\/product"}],"about":[{"href":"https:\/\/fastcar.shop\/lt\/wp-json\/wp\/v2\/types\/product"}],"wp:featuredmedia":[{"embeddable":true,"href":"https:\/\/fastcar.shop\/lt\/wp-json\/wp\/v2\/media\/4549"}],"wp:attachment":[{"href":"https:\/\/fastcar.shop\/lt\/wp-json\/wp\/v2\/media?parent=3233"}],"wp:term":[{"taxonomy":"product_brand","embeddable":true,"href":"https:\/\/fastcar.shop\/lt\/wp-json\/wp\/v2\/product_brand?post=3233"},{"taxonomy":"product_cat","embeddable":true,"href":"https:\/\/fastcar.shop\/lt\/wp-json\/wp\/v2\/product_cat?post=3233"},{"taxonomy":"product_tag","embeddable":true,"href":"https:\/\/fastcar.shop\/lt\/wp-json\/wp\/v2\/product_tag?post=3233"}],"curies":[{"name":"wp","href":"https:\/\/api.w.org\/{rel}","templated":true}]}}