{"id":3135,"date":"2021-08-12T21:11:10","date_gmt":"2021-08-12T21:11:10","guid":{"rendered":"https:\/\/fastcar.shop\/?post_type=product&#038;p=3135"},"modified":"2026-02-11T15:22:14","modified_gmt":"2026-02-11T13:22:14","slug":"renegade-ts109-19-liters","status":"publish","type":"product","link":"https:\/\/fastcar.shop\/lt\/product\/renegade-ts109-19-liters\/","title":{"rendered":"Renegade TS109 19L"},"content":{"rendered":"<p style=\"text-align: left;\">Be\u0161viniai, daug deguonies turintys didelio oktaninio skai\u010diaus degalai.<\/p>\n<p style=\"text-align: left;\">\"Renegade TS109\" yra naujausias \"Renegade Race Fuels Unleaded\" serijos kuras. Lenktynininkams, kuriems reikia didelio oktaninio skai\u010diaus deguonimi prisotint\u0173 be\u0161vini\u0173 lenktynini\u0173 degal\u0173, tinka \"Renegade TS109\". \"Renegade TS109\" sukurtas taip, kad padidint\u0173 reakcij\u0105 \u012f droselin\u0119 sklend\u0119 ir bendr\u0105j\u0105 gali\u0105, o d\u0117l deguonimi prisotintos sud\u0117ties veikia v\u0117siau nei auk\u0161\u010diausios kokyb\u0117s benzinas. Nepriklausomai nuo to, ar j\u016bs\u0173 variklis yra su \u012fprastu \u012fp\u016btimu, turbokompresoriumi ar prip\u016btimu, \"Renegade TS109\" suteiks jums oktaninio skai\u010diaus, kurio reikia norint pasiekti norim\u0105 gali\u0105.<\/p>","protected":false},"excerpt":{"rendered":"<p style=\"text-align: left;\">I\u0161sami informacija:<\/p>\n<p style=\"text-align: left;\">Renegade TS 109<br \/>\nOktanas \u2013 R+M\/2 104<br \/>\nVariklio oktaninis skai\u010dius 99<br \/>\nTyrimo oktaninis skai\u010dius 109<br \/>\nSavitasis sunkis 0,752<br \/>\nRVP 5,95<br \/>\nBe\u0161vinis Taip<br \/>\nStoicho koeficientas 13,87:1<br \/>\nDeguonimi 4.80%<br \/>\nSpalva \u0160viesiai m\u0117lyna<\/p>","protected":false},"featured_media":3124,"template":"","meta":[],"product_brand":[],"product_cat":[1770,16],"product_tag":[],"class_list":{"0":"post-3135","1":"product","2":"type-product","3":"status-publish","4":"has-post-thumbnail","6":"product_cat-renegade-race-fuel-unleaded","7":"product_cat-race-fuel","8":"product_provider-renegade","10":"first","11":"instock","12":"taxable","13":"shipping-taxable","14":"purchasable","15":"product-type-simple"},"aioseo_notices":[],"yoast_head":"<!-- This site is optimized with the Yoast SEO plugin v27.3 - https:\/\/yoast.com\/product\/yoast-seo-wordpress\/ -->\n<title>Renegade TS109 19L<\/title>\n<meta name=\"robots\" content=\"index, follow, max-snippet:-1, max-image-preview:large, max-video-preview:-1\" \/>\n<link rel=\"canonical\" href=\"https:\/\/fastcar.shop\/lt\/produktas\/renegade-ts109-19-liters\/\" \/>\n<meta property=\"og:locale\" content=\"lt_LT\" \/>\n<meta property=\"og:type\" content=\"article\" \/>\n<meta property=\"og:title\" content=\"Renegade TS109 19L\" \/>\n<meta property=\"og:description\" content=\"Details: Renegade TS 109 Octane - R+M\/2 104 Motor Octane 99 Research Octane 109 Specific Gravity 0.752 RVP 5.95 Unleaded Yes Stoich Ratio 13.87 : 1 Oxygenated 4.80% Colour Light Blue\" \/>\n<meta property=\"og:url\" content=\"https:\/\/fastcar.shop\/lt\/produktas\/renegade-ts109-19-liters\/\" \/>\n<meta property=\"og:site_name\" content=\"Fast Car Shop\" \/>\n<meta property=\"article:publisher\" content=\"https:\/\/www.facebook.com\/FastcarLt?locale=lt_LT\" \/>\n<meta property=\"article:modified_time\" content=\"2026-02-11T13:22:14+00:00\" \/>\n<meta property=\"og:image\" content=\"https:\/\/fastcar.shop\/wp-content\/uploads\/2013\/06\/pail-2020-1024x1024-1.jpg\" \/>\n\t<meta property=\"og:image:width\" content=\"1024\" \/>\n\t<meta property=\"og:image:height\" content=\"1024\" \/>\n\t<meta property=\"og:image:type\" content=\"image\/jpeg\" \/>\n<meta name=\"twitter:card\" content=\"summary_large_image\" \/>\n<meta name=\"twitter:label1\" content=\"Est. reading time\" \/>\n\t<meta name=\"twitter:data1\" content=\"1 minut\u0117\" \/>\n<!-- \/ Yoast SEO plugin. -->","yoast_head_json":{"title":"Renegade TS109 19L","robots":{"index":"index","follow":"follow","max-snippet":"max-snippet:-1","max-image-preview":"max-image-preview:large","max-video-preview":"max-video-preview:-1"},"canonical":"https:\/\/fastcar.shop\/lt\/produktas\/renegade-ts109-19-liters\/","og_locale":"lt_LT","og_type":"article","og_title":"Renegade TS109 19L","og_description":"Details: Renegade TS 109 Octane - R+M\/2 104 Motor Octane 99 Research Octane 109 Specific Gravity 0.752 RVP 5.95 Unleaded Yes Stoich Ratio 13.87 : 1 Oxygenated 4.80% Colour Light Blue","og_url":"https:\/\/fastcar.shop\/lt\/produktas\/renegade-ts109-19-liters\/","og_site_name":"Fast Car Shop","article_publisher":"https:\/\/www.facebook.com\/FastcarLt?locale=lt_LT","article_modified_time":"2026-02-11T13:22:14+00:00","og_image":[{"width":1024,"height":1024,"url":"https:\/\/fastcar.shop\/wp-content\/uploads\/2013\/06\/pail-2020-1024x1024-1.jpg","type":"image\/jpeg"}],"twitter_card":"summary_large_image","twitter_misc":{"Est. reading time":"1 minut\u0117"},"schema":{"@context":"https:\/\/schema.org","@graph":[{"@type":"WebPage","@id":"https:\/\/fastcar.shop\/product\/renegade-ts109-19-liters\/","url":"https:\/\/fastcar.shop\/product\/renegade-ts109-19-liters\/","name":"Renegade TS109 19L","isPartOf":{"@id":"https:\/\/fastcar.shop\/#website"},"primaryImageOfPage":{"@id":"https:\/\/fastcar.shop\/product\/renegade-ts109-19-liters\/#primaryimage"},"image":{"@id":"https:\/\/fastcar.shop\/product\/renegade-ts109-19-liters\/#primaryimage"},"thumbnailUrl":"https:\/\/fastcar.shop\/wp-content\/uploads\/2013\/06\/pail-2020-1024x1024-1.jpg","datePublished":"2021-08-12T21:11:10+00:00","dateModified":"2026-02-11T13:22:14+00:00","breadcrumb":{"@id":"https:\/\/fastcar.shop\/product\/renegade-ts109-19-liters\/#breadcrumb"},"inLanguage":"lt-LT","potentialAction":[{"@type":"ReadAction","target":["https:\/\/fastcar.shop\/product\/renegade-ts109-19-liters\/"]}]},{"@type":"ImageObject","inLanguage":"lt-LT","@id":"https:\/\/fastcar.shop\/product\/renegade-ts109-19-liters\/#primaryimage","url":"https:\/\/fastcar.shop\/wp-content\/uploads\/2013\/06\/pail-2020-1024x1024-1.jpg","contentUrl":"https:\/\/fastcar.shop\/wp-content\/uploads\/2013\/06\/pail-2020-1024x1024-1.jpg","width":1024,"height":1024},{"@type":"BreadcrumbList","@id":"https:\/\/fastcar.shop\/product\/renegade-ts109-19-liters\/#breadcrumb","itemListElement":[{"@type":"ListItem","position":1,"name":"Home","item":"https:\/\/fastcar.shop\/"},{"@type":"ListItem","position":2,"name":"Shop","item":"https:\/\/fastcar.shop\/shop\/"},{"@type":"ListItem","position":3,"name":"Renegade TS109 19L"}]},{"@type":"WebSite","@id":"https:\/\/fastcar.shop\/#website","url":"https:\/\/fastcar.shop\/","name":"Greit\u0173 automobili\u0173 parduotuv\u0117","description":"","publisher":{"@id":"https:\/\/fastcar.shop\/#organization"},"potentialAction":[{"@type":"SearchAction","target":{"@type":"EntryPoint","urlTemplate":"https:\/\/fastcar.shop\/?s={search_term_string}"},"query-input":{"@type":"PropertyValueSpecification","valueRequired":true,"valueName":"search_term_string"}}],"inLanguage":"lt-LT"},{"@type":"Organization","@id":"https:\/\/fastcar.shop\/#organization","name":"Fastcar.shop","url":"https:\/\/fastcar.shop\/","logo":{"@type":"ImageObject","inLanguage":"lt-LT","@id":"https:\/\/fastcar.shop\/#\/schema\/logo\/image\/","url":"https:\/\/fastcar.shop\/wp-content\/uploads\/2017\/08\/FCS_JPEG-01-scaled.jpg","contentUrl":"https:\/\/fastcar.shop\/wp-content\/uploads\/2017\/08\/FCS_JPEG-01-scaled.jpg","width":2560,"height":1379,"caption":"Fastcar.shop"},"image":{"@id":"https:\/\/fastcar.shop\/#\/schema\/logo\/image\/"},"sameAs":["https:\/\/www.facebook.com\/FastcarLt?locale=lt_LT","https:\/\/www.instagram.com\/fastcar.shop\/"]}]}},"jetpack_sharing_enabled":true,"_links":{"self":[{"href":"https:\/\/fastcar.shop\/lt\/wp-json\/wp\/v2\/product\/3135","targetHints":{"allow":["GET"]}}],"collection":[{"href":"https:\/\/fastcar.shop\/lt\/wp-json\/wp\/v2\/product"}],"about":[{"href":"https:\/\/fastcar.shop\/lt\/wp-json\/wp\/v2\/types\/product"}],"wp:featuredmedia":[{"embeddable":true,"href":"https:\/\/fastcar.shop\/lt\/wp-json\/wp\/v2\/media\/3124"}],"wp:attachment":[{"href":"https:\/\/fastcar.shop\/lt\/wp-json\/wp\/v2\/media?parent=3135"}],"wp:term":[{"taxonomy":"product_brand","embeddable":true,"href":"https:\/\/fastcar.shop\/lt\/wp-json\/wp\/v2\/product_brand?post=3135"},{"taxonomy":"product_cat","embeddable":true,"href":"https:\/\/fastcar.shop\/lt\/wp-json\/wp\/v2\/product_cat?post=3135"},{"taxonomy":"product_tag","embeddable":true,"href":"https:\/\/fastcar.shop\/lt\/wp-json\/wp\/v2\/product_tag?post=3135"}],"curies":[{"name":"wp","href":"https:\/\/api.w.org\/{rel}","templated":true}]}}