{"id":3132,"date":"2021-08-12T20:53:49","date_gmt":"2021-08-12T20:53:49","guid":{"rendered":"https:\/\/fastcar.shop\/?post_type=product&#038;p=3132"},"modified":"2026-03-20T10:59:45","modified_gmt":"2026-03-20T08:59:45","slug":"renegade-pro-e85-19-liters","status":"publish","type":"product","link":"https:\/\/fastcar.shop\/lt\/product\/renegade-pro-e85-19-liters\/","title":{"rendered":"Renegade Pro E85 19L"},"content":{"rendered":"<p style=\"text-align: left;\">\"Renegade Pro E85\" yra auk\u0161\u010diausios kokyb\u0117s lenktyninis etanolio produktas. \"Renegade Pro E85\" n\u0117ra sumai\u0161ytas su benzinu, jis pagamintas i\u0161 auk\u0161\u010diausios kokyb\u0117s lenktynini\u0173 degal\u0173 komponent\u0173 ir auk\u0161\u010diausios kokyb\u0117s etanolio, tod\u0117l gaunami auk\u0161tos kokyb\u0117s, pastov\u016bs lenktynini\u0173 degal\u0173 mi\u0161iniai, kuri\u0173 nereikia bandyti ir keisti derinimo.<\/p>","protected":false},"excerpt":{"rendered":"<p style=\"text-align: left;\">I\u0161sami informacija:<\/p>\n<p style=\"text-align: left;\">Oktaninis skai\u010dius \u2013 R+M\/2 100,1<br \/>\nVariklio oktaninis skai\u010dius 91,6<br \/>\nTyrimo oktaninis skai\u010dius 108,6<br \/>\nSavitasis sunkis 0,778<br \/>\nRVP 3,72<br \/>\nBe\u0161vinis Taip<br \/>\nStoicho santykis 9,91:1<br \/>\nSpalva Oran\u017ein\u0117<\/p>\n<p style=\"text-align: left;\">Tipin\u0117 oktanin\u0117 vert\u0117<\/p>","protected":false},"featured_media":3124,"template":"","meta":[],"product_brand":[],"product_cat":[1770,16],"product_tag":[],"class_list":{"0":"post-3132","1":"product","2":"type-product","3":"status-publish","4":"has-post-thumbnail","6":"product_cat-renegade-race-fuel-unleaded","7":"product_cat-race-fuel","8":"product_provider-renegade","10":"first","11":"outofstock","12":"taxable","13":"shipping-taxable","14":"purchasable","15":"product-type-simple"},"aioseo_notices":[],"yoast_head":"<!-- This site is optimized with the Yoast SEO plugin v27.3 - https:\/\/yoast.com\/product\/yoast-seo-wordpress\/ -->\n<title>Renegade Pro E85 19L<\/title>\n<meta name=\"robots\" content=\"index, follow, max-snippet:-1, max-image-preview:large, max-video-preview:-1\" \/>\n<link rel=\"canonical\" href=\"https:\/\/fastcar.shop\/lt\/produktas\/renegade-pro-e85-19-liters\/\" \/>\n<meta property=\"og:locale\" content=\"lt_LT\" \/>\n<meta property=\"og:type\" content=\"article\" \/>\n<meta property=\"og:title\" content=\"Renegade Pro E85 19L\" \/>\n<meta property=\"og:description\" content=\"Details: Octane \u2013 R+M\/2 100.1 Motor Octane 91.6 Research Octane 108.6 Specific Gravity 0.778 RVP 3.72 Unleaded Yes Stoich Ratio 9.91:1 Color Orange Typical Octane Value\" \/>\n<meta property=\"og:url\" content=\"https:\/\/fastcar.shop\/lt\/produktas\/renegade-pro-e85-19-liters\/\" \/>\n<meta property=\"og:site_name\" content=\"Fast Car Shop\" \/>\n<meta property=\"article:publisher\" content=\"https:\/\/www.facebook.com\/FastcarLt?locale=lt_LT\" \/>\n<meta property=\"article:modified_time\" content=\"2026-03-20T08:59:45+00:00\" \/>\n<meta property=\"og:image\" content=\"https:\/\/fastcar.shop\/wp-content\/uploads\/2013\/06\/pail-2020-1024x1024-1.jpg\" \/>\n\t<meta property=\"og:image:width\" content=\"1024\" \/>\n\t<meta property=\"og:image:height\" content=\"1024\" \/>\n\t<meta property=\"og:image:type\" content=\"image\/jpeg\" \/>\n<meta name=\"twitter:card\" content=\"summary_large_image\" \/>\n<meta name=\"twitter:label1\" content=\"Est. reading time\" \/>\n\t<meta name=\"twitter:data1\" content=\"1 minut\u0117\" \/>\n<!-- \/ Yoast SEO plugin. -->","yoast_head_json":{"title":"Renegade Pro E85 19L","robots":{"index":"index","follow":"follow","max-snippet":"max-snippet:-1","max-image-preview":"max-image-preview:large","max-video-preview":"max-video-preview:-1"},"canonical":"https:\/\/fastcar.shop\/lt\/produktas\/renegade-pro-e85-19-liters\/","og_locale":"lt_LT","og_type":"article","og_title":"Renegade Pro E85 19L","og_description":"Details: Octane \u2013 R+M\/2 100.1 Motor Octane 91.6 Research Octane 108.6 Specific Gravity 0.778 RVP 3.72 Unleaded Yes Stoich Ratio 9.91:1 Color Orange Typical Octane Value","og_url":"https:\/\/fastcar.shop\/lt\/produktas\/renegade-pro-e85-19-liters\/","og_site_name":"Fast Car Shop","article_publisher":"https:\/\/www.facebook.com\/FastcarLt?locale=lt_LT","article_modified_time":"2026-03-20T08:59:45+00:00","og_image":[{"width":1024,"height":1024,"url":"https:\/\/fastcar.shop\/wp-content\/uploads\/2013\/06\/pail-2020-1024x1024-1.jpg","type":"image\/jpeg"}],"twitter_card":"summary_large_image","twitter_misc":{"Est. reading time":"1 minut\u0117"},"schema":{"@context":"https:\/\/schema.org","@graph":[{"@type":"WebPage","@id":"https:\/\/fastcar.shop\/product\/renegade-pro-e85-19-liters\/","url":"https:\/\/fastcar.shop\/product\/renegade-pro-e85-19-liters\/","name":"Renegade Pro E85 19L","isPartOf":{"@id":"https:\/\/fastcar.shop\/#website"},"primaryImageOfPage":{"@id":"https:\/\/fastcar.shop\/product\/renegade-pro-e85-19-liters\/#primaryimage"},"image":{"@id":"https:\/\/fastcar.shop\/product\/renegade-pro-e85-19-liters\/#primaryimage"},"thumbnailUrl":"https:\/\/fastcar.shop\/wp-content\/uploads\/2013\/06\/pail-2020-1024x1024-1.jpg","datePublished":"2021-08-12T20:53:49+00:00","dateModified":"2026-03-20T08:59:45+00:00","breadcrumb":{"@id":"https:\/\/fastcar.shop\/product\/renegade-pro-e85-19-liters\/#breadcrumb"},"inLanguage":"lt-LT","potentialAction":[{"@type":"ReadAction","target":["https:\/\/fastcar.shop\/product\/renegade-pro-e85-19-liters\/"]}]},{"@type":"ImageObject","inLanguage":"lt-LT","@id":"https:\/\/fastcar.shop\/product\/renegade-pro-e85-19-liters\/#primaryimage","url":"https:\/\/fastcar.shop\/wp-content\/uploads\/2013\/06\/pail-2020-1024x1024-1.jpg","contentUrl":"https:\/\/fastcar.shop\/wp-content\/uploads\/2013\/06\/pail-2020-1024x1024-1.jpg","width":1024,"height":1024},{"@type":"BreadcrumbList","@id":"https:\/\/fastcar.shop\/product\/renegade-pro-e85-19-liters\/#breadcrumb","itemListElement":[{"@type":"ListItem","position":1,"name":"Home","item":"https:\/\/fastcar.shop\/"},{"@type":"ListItem","position":2,"name":"Shop","item":"https:\/\/fastcar.shop\/shop\/"},{"@type":"ListItem","position":3,"name":"Renegade Pro E85 19L"}]},{"@type":"WebSite","@id":"https:\/\/fastcar.shop\/#website","url":"https:\/\/fastcar.shop\/","name":"Greit\u0173 automobili\u0173 parduotuv\u0117","description":"","publisher":{"@id":"https:\/\/fastcar.shop\/#organization"},"potentialAction":[{"@type":"SearchAction","target":{"@type":"EntryPoint","urlTemplate":"https:\/\/fastcar.shop\/?s={search_term_string}"},"query-input":{"@type":"PropertyValueSpecification","valueRequired":true,"valueName":"search_term_string"}}],"inLanguage":"lt-LT"},{"@type":"Organization","@id":"https:\/\/fastcar.shop\/#organization","name":"Fastcar.shop","url":"https:\/\/fastcar.shop\/","logo":{"@type":"ImageObject","inLanguage":"lt-LT","@id":"https:\/\/fastcar.shop\/#\/schema\/logo\/image\/","url":"https:\/\/fastcar.shop\/wp-content\/uploads\/2017\/08\/FCS_JPEG-01-scaled.jpg","contentUrl":"https:\/\/fastcar.shop\/wp-content\/uploads\/2017\/08\/FCS_JPEG-01-scaled.jpg","width":2560,"height":1379,"caption":"Fastcar.shop"},"image":{"@id":"https:\/\/fastcar.shop\/#\/schema\/logo\/image\/"},"sameAs":["https:\/\/www.facebook.com\/FastcarLt?locale=lt_LT","https:\/\/www.instagram.com\/fastcar.shop\/"]}]}},"jetpack_sharing_enabled":true,"_links":{"self":[{"href":"https:\/\/fastcar.shop\/lt\/wp-json\/wp\/v2\/product\/3132","targetHints":{"allow":["GET"]}}],"collection":[{"href":"https:\/\/fastcar.shop\/lt\/wp-json\/wp\/v2\/product"}],"about":[{"href":"https:\/\/fastcar.shop\/lt\/wp-json\/wp\/v2\/types\/product"}],"wp:featuredmedia":[{"embeddable":true,"href":"https:\/\/fastcar.shop\/lt\/wp-json\/wp\/v2\/media\/3124"}],"wp:attachment":[{"href":"https:\/\/fastcar.shop\/lt\/wp-json\/wp\/v2\/media?parent=3132"}],"wp:term":[{"taxonomy":"product_brand","embeddable":true,"href":"https:\/\/fastcar.shop\/lt\/wp-json\/wp\/v2\/product_brand?post=3132"},{"taxonomy":"product_cat","embeddable":true,"href":"https:\/\/fastcar.shop\/lt\/wp-json\/wp\/v2\/product_cat?post=3132"},{"taxonomy":"product_tag","embeddable":true,"href":"https:\/\/fastcar.shop\/lt\/wp-json\/wp\/v2\/product_tag?post=3132"}],"curies":[{"name":"wp","href":"https:\/\/api.w.org\/{rel}","templated":true}]}}