{"id":104,"date":"2013-06-07T10:41:52","date_gmt":"2013-06-07T10:41:52","guid":{"rendered":"http:\/\/demo.woothemes.com\/woocommerce\/?post_type=product&#038;p=19"},"modified":"2026-02-11T15:27:11","modified_gmt":"2026-02-11T13:27:11","slug":"premium-quality","status":"publish","type":"product","link":"https:\/\/fastcar.shop\/lt\/product\/premium-quality\/","title":{"rendered":"Renegade Pro metanolis 19L"},"content":{"rendered":"<p style=\"text-align: left;\">\"RENEGADE PRO METHANOL\" - tai auk\u0161tos kokyb\u0117s lenktyninis metanolis, kur\u012f naudoja didelius pinigus u\u017edirbantys lenktynininkai. D\u0117l m\u016bs\u0173 patentuotos d\u017eiovinimo sistemos PRO metanolis prakti\u0161kai pa\u0161alina \"baltuosius kirminus\" ir degal\u0173 sistemos ter\u0161alus.<\/p>","protected":false},"excerpt":{"rendered":"<p style=\"text-align: left;\">I\u0161sami informacija:<\/p>\n<p style=\"text-align: left;\">Spalva: Skaidri<br \/>\nSavitasis sunkis: 0,795 esant 15,5\u00b0C<br \/>\nRVP: 4.6<br \/>\nPrisotintas deguonimi: Taip<br \/>\nTipas: metanolis<\/p>","protected":false},"featured_media":3124,"template":"","meta":[],"product_brand":[],"product_cat":[1772,16],"product_tag":[],"class_list":{"0":"post-104","1":"product","2":"type-product","3":"status-publish","4":"has-post-thumbnail","6":"product_cat-renegade-pro-methanol","7":"product_cat-race-fuel","8":"product_provider-renegade","10":"first","11":"outofstock","12":"taxable","13":"shipping-taxable","14":"purchasable","15":"product-type-simple"},"aioseo_notices":[],"yoast_head":"<!-- This site is optimized with the Yoast SEO plugin v27.4 - https:\/\/yoast.com\/product\/yoast-seo-wordpress\/ -->\n<title>Renegade Pro Methanol 19L<\/title>\n<meta name=\"description\" content=\"RENEGADE PRO METHANOL is the high quality racing methanol that the big money competitors count on to win. With our proprietary drying system, PRO Methanol..\" \/>\n<meta name=\"robots\" content=\"index, follow, max-snippet:-1, max-image-preview:large, max-video-preview:-1\" \/>\n<link rel=\"canonical\" href=\"https:\/\/fastcar.shop\/lt\/produktas\/premium-quality\/\" \/>\n<meta property=\"og:locale\" content=\"lt_LT\" \/>\n<meta property=\"og:type\" content=\"article\" \/>\n<meta property=\"og:title\" content=\"Renegade Pro Methanol 19L\" \/>\n<meta property=\"og:description\" content=\"RENEGADE PRO METHANOL is the high quality racing methanol that the big money competitors count on to win. With our proprietary drying system, PRO Methanol..\" \/>\n<meta property=\"og:url\" content=\"https:\/\/fastcar.shop\/lt\/produktas\/premium-quality\/\" \/>\n<meta property=\"og:site_name\" content=\"Fast Car Shop\" \/>\n<meta property=\"article:publisher\" content=\"https:\/\/www.facebook.com\/FastcarLt?locale=lt_LT\" \/>\n<meta property=\"article:modified_time\" content=\"2026-02-11T13:27:11+00:00\" \/>\n<meta property=\"og:image\" content=\"https:\/\/fastcar.shop\/wp-content\/uploads\/2013\/06\/pail-2020-1024x1024-1.jpg\" \/>\n\t<meta property=\"og:image:width\" content=\"1024\" \/>\n\t<meta property=\"og:image:height\" content=\"1024\" \/>\n\t<meta property=\"og:image:type\" content=\"image\/jpeg\" \/>\n<meta name=\"twitter:card\" content=\"summary_large_image\" \/>\n<meta name=\"twitter:label1\" content=\"Est. reading time\" \/>\n\t<meta name=\"twitter:data1\" content=\"1 minut\u0117\" \/>\n<!-- \/ Yoast SEO plugin. -->","yoast_head_json":{"title":"Renegade Pro metanolis 19L","description":"RENEGADE PRO METHANOL is the high quality racing methanol that the big money competitors count on to win. With our proprietary drying system, PRO Methanol..","robots":{"index":"index","follow":"follow","max-snippet":"max-snippet:-1","max-image-preview":"max-image-preview:large","max-video-preview":"max-video-preview:-1"},"canonical":"https:\/\/fastcar.shop\/lt\/produktas\/premium-quality\/","og_locale":"lt_LT","og_type":"article","og_title":"Renegade Pro Methanol 19L","og_description":"RENEGADE PRO METHANOL is the high quality racing methanol that the big money competitors count on to win. With our proprietary drying system, PRO Methanol..","og_url":"https:\/\/fastcar.shop\/lt\/produktas\/premium-quality\/","og_site_name":"Fast Car Shop","article_publisher":"https:\/\/www.facebook.com\/FastcarLt?locale=lt_LT","article_modified_time":"2026-02-11T13:27:11+00:00","og_image":[{"width":1024,"height":1024,"url":"https:\/\/fastcar.shop\/wp-content\/uploads\/2013\/06\/pail-2020-1024x1024-1.jpg","type":"image\/jpeg"}],"twitter_card":"summary_large_image","twitter_misc":{"Est. reading time":"1 minut\u0117"},"schema":{"@context":"https:\/\/schema.org","@graph":[{"@type":"WebPage","@id":"https:\/\/fastcar.shop\/product\/premium-quality\/","url":"https:\/\/fastcar.shop\/product\/premium-quality\/","name":"Renegade Pro metanolis 19L","isPartOf":{"@id":"https:\/\/fastcar.shop\/#website"},"primaryImageOfPage":{"@id":"https:\/\/fastcar.shop\/product\/premium-quality\/#primaryimage"},"image":{"@id":"https:\/\/fastcar.shop\/product\/premium-quality\/#primaryimage"},"thumbnailUrl":"https:\/\/fastcar.shop\/wp-content\/uploads\/2013\/06\/pail-2020-1024x1024-1.jpg","datePublished":"2013-06-07T10:41:52+00:00","dateModified":"2026-02-11T13:27:11+00:00","description":"RENEGADE PRO METHANOL is the high quality racing methanol that the big money competitors count on to win. With our proprietary drying system, PRO Methanol..","breadcrumb":{"@id":"https:\/\/fastcar.shop\/product\/premium-quality\/#breadcrumb"},"inLanguage":"lt-LT","potentialAction":[{"@type":"ReadAction","target":["https:\/\/fastcar.shop\/product\/premium-quality\/"]}]},{"@type":"ImageObject","inLanguage":"lt-LT","@id":"https:\/\/fastcar.shop\/product\/premium-quality\/#primaryimage","url":"https:\/\/fastcar.shop\/wp-content\/uploads\/2013\/06\/pail-2020-1024x1024-1.jpg","contentUrl":"https:\/\/fastcar.shop\/wp-content\/uploads\/2013\/06\/pail-2020-1024x1024-1.jpg","width":1024,"height":1024},{"@type":"BreadcrumbList","@id":"https:\/\/fastcar.shop\/product\/premium-quality\/#breadcrumb","itemListElement":[{"@type":"ListItem","position":1,"name":"Home","item":"https:\/\/fastcar.shop\/"},{"@type":"ListItem","position":2,"name":"Shop","item":"https:\/\/fastcar.shop\/shop\/"},{"@type":"ListItem","position":3,"name":"Renegade Pro Methanol 19L"}]},{"@type":"WebSite","@id":"https:\/\/fastcar.shop\/#website","url":"https:\/\/fastcar.shop\/","name":"Greit\u0173 automobili\u0173 parduotuv\u0117","description":"","publisher":{"@id":"https:\/\/fastcar.shop\/#organization"},"potentialAction":[{"@type":"SearchAction","target":{"@type":"EntryPoint","urlTemplate":"https:\/\/fastcar.shop\/?s={search_term_string}"},"query-input":{"@type":"PropertyValueSpecification","valueRequired":true,"valueName":"search_term_string"}}],"inLanguage":"lt-LT"},{"@type":"Organization","@id":"https:\/\/fastcar.shop\/#organization","name":"Fastcar.shop","url":"https:\/\/fastcar.shop\/","logo":{"@type":"ImageObject","inLanguage":"lt-LT","@id":"https:\/\/fastcar.shop\/#\/schema\/logo\/image\/","url":"https:\/\/fastcar.shop\/wp-content\/uploads\/2017\/08\/FCS_JPEG-01-scaled.jpg","contentUrl":"https:\/\/fastcar.shop\/wp-content\/uploads\/2017\/08\/FCS_JPEG-01-scaled.jpg","width":2560,"height":1379,"caption":"Fastcar.shop"},"image":{"@id":"https:\/\/fastcar.shop\/#\/schema\/logo\/image\/"},"sameAs":["https:\/\/www.facebook.com\/FastcarLt?locale=lt_LT","https:\/\/www.instagram.com\/fastcar.shop\/"]}]}},"jetpack_sharing_enabled":true,"_links":{"self":[{"href":"https:\/\/fastcar.shop\/lt\/wp-json\/wp\/v2\/product\/104","targetHints":{"allow":["GET"]}}],"collection":[{"href":"https:\/\/fastcar.shop\/lt\/wp-json\/wp\/v2\/product"}],"about":[{"href":"https:\/\/fastcar.shop\/lt\/wp-json\/wp\/v2\/types\/product"}],"wp:featuredmedia":[{"embeddable":true,"href":"https:\/\/fastcar.shop\/lt\/wp-json\/wp\/v2\/media\/3124"}],"wp:attachment":[{"href":"https:\/\/fastcar.shop\/lt\/wp-json\/wp\/v2\/media?parent=104"}],"wp:term":[{"taxonomy":"product_brand","embeddable":true,"href":"https:\/\/fastcar.shop\/lt\/wp-json\/wp\/v2\/product_brand?post=104"},{"taxonomy":"product_cat","embeddable":true,"href":"https:\/\/fastcar.shop\/lt\/wp-json\/wp\/v2\/product_cat?post=104"},{"taxonomy":"product_tag","embeddable":true,"href":"https:\/\/fastcar.shop\/lt\/wp-json\/wp\/v2\/product_tag?post=104"}],"curies":[{"name":"wp","href":"https:\/\/api.w.org\/{rel}","templated":true}]}}