{"id":3219,"date":"2022-01-08T17:57:01","date_gmt":"2022-01-08T17:57:01","guid":{"rendered":"https:\/\/fastcar.shop\/?page_id=3219"},"modified":"2026-04-10T11:45:49","modified_gmt":"2026-04-10T08:45:49","slug":"delivery","status":"publish","type":"page","link":"https:\/\/fastcar.shop\/lt\/delivery\/","title":{"rendered":"Pristatymas"},"content":{"rendered":"<p>Prekes galima atsiimti m\u016bs\u0173 parduov\u0117je adresu Santarv\u0117s g. 1, Virbali\u0161kiai, Kauno r., LT-53458 darbo valandomis nuo pirmadienio iki penktadienio 10:00-18:00.<\/p>\n\n\n\n<p>Siuntimo i\u0161laidos skai\u010diuojamos pagal prek\u0117s svor\u012f. Numatom\u0105 pristatymo kain\u0105 visada rasite u\u017esakymo proceso pabaigoje.<\/p>\n\n\n\n<p>Prekes siun\u010diame \u012f vis\u0105 Europos S\u0105jung\u0105. U\u017esakydami pasirinkite norim\u0105 \u0161al\u012f (u\u017epildydami kontaktus) ir pamatysite kainas. Siuntos \u012f kitas \u0161alis pristatomos tiesiai gav\u0117jui per 2-8 dienas. Retais atvejais siuntas reikia atsiimti pa\u0161to skyriuje ar kitoje artimiausioje terminalo vietoje.<\/p>\n\n\n\n<p>Klientai apie i\u0161si\u0173stas\/paruo\u0161tas atsiimti prekes informuojami m\u016bs\u0173 vadybinink\u0173 skambu\u010diu arba trump\u0105ja \u017einute.<\/p>","protected":false},"excerpt":{"rendered":"<p>Goods can be picked up from our shop Santarv\u0117s g. 1, Virbali\u0161kiai, Kauno r., LT-53458 during working hours from Monday till Friday 10:00-18:00. Shipping costs are calculated according to the weight of the goods. You will always find the estimated delivery price at the end of the ordering process. We send goods to the whole [&hellip;]<\/p>\n","protected":false},"author":1,"featured_media":0,"parent":0,"menu_order":0,"comment_status":"closed","ping_status":"closed","template":"","meta":{"footnotes":""},"class_list":["post-3219","page","type-page","status-publish","hentry"],"aioseo_notices":[],"yoast_head":"<!-- This site is optimized with the Yoast SEO plugin v27.3 - https:\/\/yoast.com\/product\/yoast-seo-wordpress\/ -->\n<title>Delivery - Fast Car Shop<\/title>\n<meta name=\"robots\" content=\"index, follow, max-snippet:-1, max-image-preview:large, max-video-preview:-1\" \/>\n<link rel=\"canonical\" href=\"https:\/\/fastcar.shop\/lt\/delivery\/\" \/>\n<meta property=\"og:locale\" content=\"lt_LT\" \/>\n<meta property=\"og:type\" content=\"article\" \/>\n<meta property=\"og:title\" content=\"Delivery - Fast Car Shop\" \/>\n<meta property=\"og:description\" content=\"Goods can be picked up from our shop Santarv\u0117s g. 1, Virbali\u0161kiai, Kauno r., LT-53458 during working hours from Monday till Friday 10:00-18:00. Shipping costs are calculated according to the weight of the goods. You will always find the estimated delivery price at the end of the ordering process. We send goods to the whole [&hellip;]\" \/>\n<meta property=\"og:url\" content=\"https:\/\/fastcar.shop\/lt\/delivery\/\" \/>\n<meta property=\"og:site_name\" content=\"Fast Car Shop\" \/>\n<meta property=\"article:publisher\" content=\"https:\/\/www.facebook.com\/FastcarLt?locale=lt_LT\" \/>\n<meta property=\"article:modified_time\" content=\"2026-04-10T08:45:49+00:00\" \/>\n<meta name=\"twitter:card\" content=\"summary_large_image\" \/>\n<meta name=\"twitter:label1\" content=\"Est. reading time\" \/>\n\t<meta name=\"twitter:data1\" content=\"1 minut\u0117\" \/>\n<!-- \/ Yoast SEO plugin. -->","yoast_head_json":{"title":"Delivery - Fast Car Shop","robots":{"index":"index","follow":"follow","max-snippet":"max-snippet:-1","max-image-preview":"max-image-preview:large","max-video-preview":"max-video-preview:-1"},"canonical":"https:\/\/fastcar.shop\/lt\/delivery\/","og_locale":"lt_LT","og_type":"article","og_title":"Delivery - Fast Car Shop","og_description":"Goods can be picked up from our shop Santarv\u0117s g. 1, Virbali\u0161kiai, Kauno r., LT-53458 during working hours from Monday till Friday 10:00-18:00. Shipping costs are calculated according to the weight of the goods. You will always find the estimated delivery price at the end of the ordering process. We send goods to the whole [&hellip;]","og_url":"https:\/\/fastcar.shop\/lt\/delivery\/","og_site_name":"Fast Car Shop","article_publisher":"https:\/\/www.facebook.com\/FastcarLt?locale=lt_LT","article_modified_time":"2026-04-10T08:45:49+00:00","twitter_card":"summary_large_image","twitter_misc":{"Est. reading time":"1 minut\u0117"},"schema":{"@context":"https:\/\/schema.org","@graph":[{"@type":"WebPage","@id":"https:\/\/fastcar.shop\/delivery\/","url":"https:\/\/fastcar.shop\/delivery\/","name":"Delivery - Fast Car Shop","isPartOf":{"@id":"https:\/\/fastcar.shop\/#website"},"datePublished":"2022-01-08T17:57:01+00:00","dateModified":"2026-04-10T08:45:49+00:00","breadcrumb":{"@id":"https:\/\/fastcar.shop\/delivery\/#breadcrumb"},"inLanguage":"lt-LT","potentialAction":[{"@type":"ReadAction","target":["https:\/\/fastcar.shop\/delivery\/"]}]},{"@type":"BreadcrumbList","@id":"https:\/\/fastcar.shop\/delivery\/#breadcrumb","itemListElement":[{"@type":"ListItem","position":1,"name":"Home","item":"https:\/\/fastcar.shop\/"},{"@type":"ListItem","position":2,"name":"Delivery"}]},{"@type":"WebSite","@id":"https:\/\/fastcar.shop\/#website","url":"https:\/\/fastcar.shop\/","name":"Greit\u0173 automobili\u0173 parduotuv\u0117","description":"","publisher":{"@id":"https:\/\/fastcar.shop\/#organization"},"potentialAction":[{"@type":"SearchAction","target":{"@type":"EntryPoint","urlTemplate":"https:\/\/fastcar.shop\/?s={search_term_string}"},"query-input":{"@type":"PropertyValueSpecification","valueRequired":true,"valueName":"search_term_string"}}],"inLanguage":"lt-LT"},{"@type":"Organization","@id":"https:\/\/fastcar.shop\/#organization","name":"Fastcar.shop","url":"https:\/\/fastcar.shop\/","logo":{"@type":"ImageObject","inLanguage":"lt-LT","@id":"https:\/\/fastcar.shop\/#\/schema\/logo\/image\/","url":"https:\/\/fastcar.shop\/wp-content\/uploads\/2017\/08\/FCS_JPEG-01-scaled.jpg","contentUrl":"https:\/\/fastcar.shop\/wp-content\/uploads\/2017\/08\/FCS_JPEG-01-scaled.jpg","width":2560,"height":1379,"caption":"Fastcar.shop"},"image":{"@id":"https:\/\/fastcar.shop\/#\/schema\/logo\/image\/"},"sameAs":["https:\/\/www.facebook.com\/FastcarLt?locale=lt_LT","https:\/\/www.instagram.com\/fastcar.shop\/"]}]}},"jetpack_sharing_enabled":true,"_links":{"self":[{"href":"https:\/\/fastcar.shop\/lt\/wp-json\/wp\/v2\/pages\/3219","targetHints":{"allow":["GET"]}}],"collection":[{"href":"https:\/\/fastcar.shop\/lt\/wp-json\/wp\/v2\/pages"}],"about":[{"href":"https:\/\/fastcar.shop\/lt\/wp-json\/wp\/v2\/types\/page"}],"author":[{"embeddable":true,"href":"https:\/\/fastcar.shop\/lt\/wp-json\/wp\/v2\/users\/1"}],"replies":[{"embeddable":true,"href":"https:\/\/fastcar.shop\/lt\/wp-json\/wp\/v2\/comments?post=3219"}],"version-history":[{"count":5,"href":"https:\/\/fastcar.shop\/lt\/wp-json\/wp\/v2\/pages\/3219\/revisions"}],"predecessor-version":[{"id":5012,"href":"https:\/\/fastcar.shop\/lt\/wp-json\/wp\/v2\/pages\/3219\/revisions\/5012"}],"wp:attachment":[{"href":"https:\/\/fastcar.shop\/lt\/wp-json\/wp\/v2\/media?parent=3219"}],"curies":[{"name":"wp","href":"https:\/\/api.w.org\/{rel}","templated":true}]}}