{"id":3215,"date":"2022-01-08T17:17:17","date_gmt":"2022-01-08T17:17:17","guid":{"rendered":"https:\/\/fastcar.shop\/?page_id=3215"},"modified":"2022-01-08T17:17:18","modified_gmt":"2022-01-08T17:17:18","slug":"privacy-policy","status":"publish","type":"page","link":"https:\/\/fastcar.shop\/lt\/privacy-policy\/","title":{"rendered":"Privatumo politika"},"content":{"rendered":"<p class=\"has-text-align-center\"><strong>Privatumo (slapuk\u0173) politika ir duomen\u0173 apsauga<\/strong><\/p>\n\n\n\n<p><strong>1. Bendrosios nuostatos.<\/strong><\/p>\n\n\n\n<p>1.1. MB \u201eFastCar LT\u201c (toliau \u201eBendrov\u0117\u201c), gerbdama savo klient\u0173, \u012fskaitant https:\/\/fastcar.shop svetain\u0117s (toliau \u201eSvetain\u0117\u201c) lankytoj\u0173 ir jos pirk\u0117j\u0173 (toliau \u2013 Klientai), teis\u0119 \u012f privatum\u0105, \u012fsipareigoja u\u017etikrinti savo asmens duomen\u0173 ir savo, kaip duomen\u0173 subjekt\u0173, teisi\u0173 apsaug\u0105.<\/p>\n\n\n\n<p>1.2. \u0160i privatumo politika reglamentuoja pagrindinius vis\u0173 Bendrov\u0117s klient\u0173 asmens duomen\u0173 rinkimo, tvarkymo ir saugojimo principus bei tvark\u0105.<\/p>\n\n\n\n<p>1.3. Naudodamiesi Bendrov\u0117s interneto svetaine ar jos teikiamomis paslaugomis arba pirkdami bet kokias Bendrov\u0117s si\u016blomas prekes, tuo pateikdami Bendrovei savo asmens duomenis, sutinkate su \u0161ios Privatumo politikos nuostatomis (i\u0161skyrus tas, kurios susijusios su duomen\u0173 tvarkymo veiksmais, kuri\u0173 atlikimas bus reikalingas). atskiras j\u016bs\u0173 sutikimas). Laikoma, kad Klientai susipa\u017eino su Privatumo politika registruodamiesi Svetain\u0117je, jie pa\u017eymi langel\u012f po \u0161ios Privatumo politikos tekstu. Su Privatumo politika ne kart\u0105 galima susipa\u017einti Svetain\u0117je \u0161iuo adresu: https:\/\/www.signeda.lt\/privacy-policy.<\/p>\n\n\n\n<p>1.4. Tvarkydami J\u016bs\u0173 asmens duomenis, laikom\u0117s 2016 m. baland\u017eio 27 d. Europos Parlamento ir Tarybos reglamento (ES) 2016\/679 d\u0117l fizini\u0173 asmen\u0173 apsaugos tvarkant asmens duomenis ir d\u0117l laisvo jud\u0117jimo nuostat\u0173. toki\u0173 duomen\u0173, ir panaikinant Direktyv\u0105 95\/46\/EB (toliau \u2013 Reglamentas), Lietuvos Respublikos asmens duomen\u0173 teisin\u0117s apsaugos \u012fstatym\u0105 (toliau \u2013 ADTA\u012e), Lietuvos Respublikos elektronini\u0173 ry\u0161i\u0173 \u012fstatym\u0105. Lietuvos (toliau \u2013 LEC) ir kit\u0173 galiojan\u010di\u0173 teis\u0117s akt\u0173, reglamentuojan\u010di\u0173 asmens duomen\u0173 apsaug\u0105.<\/p>\n\n\n\n<p><strong>2. Privatumo politikoje vartojamos s\u0105vokos.<\/strong><\/p>\n\n\n\n<p>2.1. \u201eAsmens duomenys\u201c \u2013 tai bet kokia informacija, susijusi su fiziniu asmeniu, kurio tapatyb\u0117 nustatyta arba gali b\u016bti nustatyta (duomen\u0173 subjektas); fizinis asmuo, kurio tapatyb\u0119 galima nustatyti, yra tas, kurio tapatyb\u0119 galima tiesiogiai arba netiesiogiai nustatyti, vis\u0173 pirma pagal identifikatori\u0173, pvz., vard\u0105, pavard\u0119, identifikavimo numer\u012f, vietos duomenis, internetin\u012f identifikatori\u0173 arba vien\u0105 ar daugiau veiksni\u0173, b\u016bding\u0173 fiziniams, fiziologiniams, genetin\u0117, psichin\u0117, ekonomin\u0117, kult\u016brin\u0117 ar socialin\u0117 to fizinio asmens tapatyb\u0117.<\/p>\n\n\n\n<p>2.2. Duomen\u0173 subjektas \u2013 fizinis asmuo \u2013 Bendrov\u0117s klientas (\u012fskaitant Svetain\u0117s lankytojus), kurio asmens duomenis renka Bendrov\u0117.<\/p>\n\n\n\n<p>2.3. Duomen\u0173 subjekto sutikimas \u2013 bet koks laisva valia duotas, konkretus, informuotas ir nedviprasmi\u0161kas duomen\u0173 subjekto pageidavim\u0173 nurodymas, kuriuo jis parei\u0161kimu arba ai\u0161kiais patvirtinan\u010diais veiksmais rei\u0161kia sutikim\u0105 tvarkyti su juo susijusius asmens duomenis. arba ji.<\/p>\n\n\n\n<p>2.4. \u201eTvarkymas\u201c \u2013 tai bet kokia operacija arba operacij\u0173 rinkinys, atliekamas su asmens duomenimis arba asmens duomen\u0173 rinkiniais automatizuotomis arba neautomatizuotomis priemon\u0117mis, pavyzd\u017eiui, rinkimas, \u012fra\u0161ymas, organizavimas, strukt\u016brizavimas, saugojimas, pritaikymas ar keitimas, paie\u0161ka, konsultavimas, naudojimas, atskleidimas perduodant, platinant ar kitaip padarant prieinam\u0105, suderinimas ar derinimas, apribojimas, i\u0161trynimas ar sunaikinimas.<\/p>\n\n\n\n<p>2.5. Duomen\u0173 tvarkytojas \u2013 fizinis arba juridinis asmuo, vald\u017eios institucija, agent\u016bra ar kita \u012fstaiga, kuri duomen\u0173 valdytojo vardu tvarko asmens duomenis;<\/p>\n\n\n\n<p>2.6. \u201eDuomen\u0173 valdytojas\u201c \u2013 pagal Lietuvos Respublikos \u012fstatymus \u012fsteigta \u012fmon\u0117 MB \u201eFastCar LT\u201c, \u012fmon\u0117s kodas: 305780703, buvein\u0117s adresas: V. Kr\u0117v\u0117s pr. 100-505, LT-50382 Kauno r.<\/p>\n\n\n\n<p>2.7. \u201eSlapukas\u201c \u2013 tai nedidel\u0117 tekstin\u0117s informacijos dalis, kuri automati\u0161kai sukuriama nar\u0161ant svetain\u0117je ir i\u0161saugoma j\u016bs\u0173 kompiuteryje ar kitame \u012frenginyje.<\/p>\n\n\n\n<p>2.8. Tiesiogin\u0117 rinkodara \u2013 veikla, skirta asmenims si\u016blyti prekes ar paslaugas pa\u0161tu, telefonu ar kitomis tiesiogin\u0117mis priemon\u0117mis ir (arba) su\u017einoti j\u0173 nuomon\u0119 apie si\u016blomas prekes ar paslaugas.<\/p>\n\n\n\n<p><strong>3. Kokius asmens duomenis renkame?<\/strong><\/p>\n\n\n\n<p>3.1. Bendrov\u0117 renka ir toliau tvarko \u0161iuos J\u016bs\u0173 asmens duomenis, kuriuos pateikiate registruodamiesi, u\u017esakydami paslaugas ir\/ar pirkdami prekes Svetain\u0117je ar kitaip u\u017esakydami paslaugas: vardas, pavard\u0117, adresas, el. pa\u0161to adresas, telefonas, duomenys, susij\u0119 su paslaug\u0173 teikimu paslaugas, u\u017esakymo duomenis, s\u0105skait\u0173 numerius, mok\u0117jimo duomenis, informacij\u0105 apie sutikim\u0105 ir nesutikim\u0105 tvarkyti asmens duomenis tiesiogin\u0117s rinkodaros tikslais, slapta\u017eod\u017eius ir bet kokius kitus duomenis, kuriuos be auk\u0161\u010diau nurodyt\u0173 pateikiate savo iniciatyva registruodamiesi, u\u017esakydami paslaugas. ir (arba) perkant prekes. J\u016bs\u0173 asmens duomenis Bendrov\u0117 saugo m\u016bs\u0173 bendradarbiavimo laikotarpiu ir 10 (de\u0161imt) met\u0173 nuo bendradarbiavimo pabaigos.<\/p>\n\n\n\n<p>3.2. J\u016bs\u0173 asmens duomenis, kurie buvo surinkti ir kuriuos netiesiogiai pateikiate registruodamiesi, u\u017esakydami paslaugas ir\/ar pirkdami prekes Svetain\u0117je, Bendrov\u0117 toliau tvarko, ty auk\u0161\u010diau nurodyti duomenys automati\u0161kai renkami i\u0161 kompiuteri\u0173 ir\/ar mobili\u0173j\u0173 \u012frengini\u0173, kuriuos naudojate prisijungiate prie Svetain\u0117s: prisijungimo IP adresai ir laikai, vartotojo naudojama nar\u0161ykl\u0117 ir jos versija, svetain\u0117s, kuriose lank\u0117t\u0117s prie\u0161 \u012feidami \u012f m\u016bs\u0173 svetain\u0119, duomenys apie naudojim\u0105si paslaugomis ir kt. \u0160iuos duomenis Bendrov\u0117 saugo laikotarpiu nuo m\u016bs\u0173 bendradarbiavimo ir, priklausomai nuo duomen\u0173, iki vieneri\u0173 met\u0173 nuo \u0161io laikotarpio pabaigos. \u0160ie duomenys gali b\u016bti saugomi ilgesn\u012f laik\u0105, jeigu yra kit\u0173 teisini\u0173 pagrind\u0173 tokiam saugojimo laikotarpiui.<\/p>\n\n\n\n<p><strong>4. Kokiais tikslais tvarkomi J\u016bs\u0173 asmens duomenys?<\/strong><\/p>\n\n\n\n<p>4.1. Bendrov\u0117 tvarko auk\u0161\u010diau nurodytus asmens duomenis \u0161iais tvarkymo tikslais: Bendrov\u0117s klient\u0173 identifikavimui savo informacin\u0117se sistemose registruojantis Svetain\u0117je ir prisijungiant prie savo paskyros, paslaug\u0173 ir\/ar preki\u0173 tvarkymui ir tvarkymui, apskaitos dokument\u0173 tvarkymui. d\u0117l paslaug\u0173 u\u017esakymo, preki\u0173 pristatymo u\u017ebaigimui ir valdymui, susisiekimui su jumis, sutartini\u0173 \u012fsipareigojim\u0173 vykdymui, tiesiogin\u0117s rinkodaros tikslais (tik gavus i\u0161ankstin\u012f duomen\u0173 subjekt\u0173 sutikim\u0105).<\/p>\n\n\n\n<p><strong>5. Kaip tvarkomi J\u016bs\u0173 asmens duomenys?<\/strong><\/p>\n\n\n\n<p>5.1. Bendrov\u0117 u\u017etikrina, kad J\u016bs\u0173 asmens duomenys b\u016bt\u0173: tvarkomi teis\u0117tai, s\u0105\u017einingai ir skaidriai, renkami nurodytais, ai\u0161kiais ir teis\u0117tais tikslais ir toliau neb\u016bt\u0173 tvarkomi su tais tikslais nesuderinamu b\u016bdu; adekvat\u016bs, svarb\u016bs ir apsiriboja tuo, kas b\u016btina, atsi\u017evelgiant \u012f tikslus, kuriais jie tvarkomi; tiksl\u016bs ir, jei reikia, nuolat atnaujinami; ir tvarkomi tokiu b\u016bdu, kuris u\u017etikrina tinkam\u0105 asmens duomen\u0173 saugum\u0105, \u012fskaitant apsaug\u0105 nuo neteis\u0117to ar neteis\u0117to tvarkymo ir nuo atsitiktinio praradimo, sunaikinimo ar sugadinimo, naudojant atitinkamas technines ar organizacines priemones.<\/p>\n\n\n\n<p><strong>6. J\u016bs\u0173, kaip duomen\u0173 subjekto, teis\u0117s.<\/strong><\/p>\n\n\n\n<p>J\u016bs, kaip duomen\u0173 subjektas, turite \u0161ias teises, kurias \u012fgyvendinsime gav\u0119 J\u016bs\u0173 pra\u0161ym\u0105 (el. pa\u0161tu info@fastcar.shop; pa\u0161tu \u0161iuo adresu: V. Kr\u0117v\u0117s pr. 100-505, LT-50382 Kaunas rajonas)<\/p>\n\n\n\n<p>6.1. Atlikus tinkam\u0105 tapatyb\u0117s patvirtinim\u0105:<\/p>\n\n\n\n<p>6.1.1. susipa\u017einti su asmens duomenimis ir kaip jie tvarkomi;<\/p>\n\n\n\n<p>6.1.2. reikalauti, kad b\u016bt\u0173 i\u0161taisyti netiksl\u016bs J\u016bs\u0173 asmens duomenys;<\/p>\n\n\n\n<p>6.1.3. kad b\u016bt\u0173 u\u017epildyti nei\u0161sam\u016bs j\u016bs\u0173 asmens duomenys,<\/p>\n\n\n\n<p>6.1.4. gauti i\u0161 Bendrov\u0117s, kad su Jumis susij\u0119 asmens duomenys b\u016bt\u0173 i\u0161trinti, jei:<\/p>\n\n\n\n<p>6.1.5. jie nebereikalingi tiems tikslams, kuriems jie buvo surinkti ar kitaip tvarkomi;<\/p>\n\n\n\n<p>6.1.6. at\u0161auk\u0117te savo sutikim\u0105 ir n\u0117ra jokio kito teisinio pagrindo tvarkyti;<\/p>\n\n\n\n<p>6.1.7. asmens duomenys buvo tvarkomi neteis\u0117tai;<\/p>\n\n\n\n<p>6.1.8. ir kitais Reglamente nustatytais pagrindais;<\/p>\n\n\n\n<p>6.1.9. gauti i\u0161 Bendrov\u0117s duomen\u0173 tvarkymo apribojim\u0105;<\/p>\n\n\n\n<p>6.1.10. gauti su Jumis susijusius asmens duomenis, kuriuos pateik\u0117te Bendrovei, susistemintu, \u012fprastai naudojamu ir kompiuterio skaitomu formatu (taip pat turite teis\u0119 pra\u0161yti, kad Bendrov\u0117 asmens duomenis perduot\u0173 kitam duomen\u0173 valdytojui);<\/p>\n\n\n\n<p>6.1.11. nesutikti, kad b\u016bt\u0173 tvarkomi su Jumis susij\u0119 asmens duomenys (pvz., tiesiogin\u0117s rinkodaros tikslais ar pan.).<\/p>\n\n\n\n<p>6.2. Informuojame, kad jeigu manote, kad buvo pa\u017eeistos J\u016bs\u0173, kaip duomen\u0173 subjekto, teis\u0117s, galite pateikti skund\u0105 Valstybinei duomen\u0173 apsaugos inspekcijai.<\/p>\n\n\n\n<p><strong>7. Asmens duomen\u0173 tvarkymas tiesiogin\u0117s rinkodaros tikslais.<\/strong><\/p>\n\n\n\n<p>7.1. Bendrov\u0117s naujienlai\u0161kius si\u0173sime Jums el. pa\u0161tu ir\/ar teirausm\u0117s apie esam\u0173 paslaug\u0173 kokyb\u0119 tik gav\u0119 i\u0161ankstin\u012f J\u016bs\u0173 sutikim\u0105 ir vadovaudamiesi Reglamento nuostatomis.<br>7.2. Tiesiogin\u0117s rinkodaros tikslais tvarkomi \u0161ie asmens duomenys: vardas, pavard\u0117, el.<br>7.3. J\u016bs\u0173 asmens duomenys yra saugomi tiesiogin\u0117s rinkodaros tikslais tol, kol atsisakote tiesiogin\u0117s rinkodaros prane\u0161im\u0173.<\/p>\n\n\n\n<p><strong>8. Kam teikiami J\u016bs\u0173 asmens duomenys?<\/strong><\/p>\n\n\n\n<p>8.1. Bendrov\u0117s darbuotojams prieiga prie J\u016bs\u0173 asmens duomen\u0173 suteikiama tik tada, kai tai b\u016btina j\u0173 pareigoms atlikti ir tik su s\u0105lyga, kad darbuotojas \u012fsipareigoja laikytis konfidencialumo reikalavim\u0173.<\/p>\n\n\n\n<p>8.2. Bendrov\u0117 gali teikti J\u016bs\u0173 asmens duomenis: teis\u0117saugos institucijoms, kai tam yra teisinis pagrindas, atsakydama \u012f oficialius valstyb\u0117s institucij\u0173 ir teismo pra\u0161ymus (ta\u010diau tik u\u017etikrindama, kad pra\u0161ymai yra teis\u0117ti), ir kitiems tretiesiems asmenims. su j\u016bs\u0173 sutikimu.<\/p>\n\n\n\n<p>8.3. Mes pasitelksime tik tokius duomen\u0173 tvarkytojus, kurie suteikia garantijas, kad \u012fgyvendintume atitinkamas technines ir organizacines priemones taip, kad tvarkymas atitikt\u0173 Reglamento reikalavimus ir u\u017etikrint\u0173 J\u016bs\u0173, kaip duomen\u0173 subjekto, teisi\u0173 apsaug\u0105.<\/p>\n\n\n\n<p>8.4. Atkreipiame d\u0117mes\u012f, kad auk\u0161\u010diau nurodyti duomen\u0173 tvarkytojai turi teis\u0119 tvarkyti J\u016bs\u0173 asmens duomenis tik pagal m\u016bs\u0173 nurodymus.<\/p>\n\n\n\n<p>8.5. Duomen\u0173 tvarkytojas negali pasitelkti kito duomen\u0173 tvarkytojo be i\u0161ankstinio konkretaus ar bendro ra\u0161ytinio Bendrov\u0117s leidimo.<\/p>\n\n\n\n<p>8.6. J\u016bs\u0173 asmens duomenys, susij\u0119 su atitinkam\u0173 paslaug\u0173 teikimu Jums, gali b\u016bti perduodami \u012f kitas \u0161alis (\u012fskaitant tre\u010di\u0105sias \u0161alis), ta\u010diau tik gavus J\u016bs\u0173 sutikim\u0105.<\/p>\n\n\n\n<p><strong>9. Slapuk\u0173 naudojimas<\/strong><\/p>\n\n\n\n<p>9.1. Siekdami pagerinti J\u016bs\u0173 patirt\u012f Svetain\u0117je naudojame slapukus \u2013 ma\u017eas tekstin\u0117s informacijos dalis, kurios automati\u0161kai sukuriamos nar\u0161ant svetain\u0117je ir i\u0161saugomos J\u016bs\u0173 kompiuteryje ar kitame galiniame \u012frenginyje. Slapukai taip pat padeda u\u017etikrinti skland\u0173 svetain\u0117s veikim\u0105 ir leid\u017eia sekti lankymosi Svetain\u0117je trukm\u0119 ir da\u017enum\u0105 bei rinkti statistin\u0119 informacij\u0105 apie sraut\u0105 \u012f svetain\u0119. Analizuodami \u0161iuos duomenis galime patobulinti svetain\u0119 ir padaryti j\u0105 patogesn\u0119 vartotojui. Svetain\u0117je galite pasirinkti, ar norite naudoti slapukus. Jei nesutinkate, kad j\u016bs\u0173 kompiuteryje ar kitame \u012frenginyje b\u016bt\u0173 \u012fra\u0161omi slapukai, galite bet kada at\u0161aukti savo sutikim\u0105 juos naudoti pakeisdami nustatymus ir i\u0161trindami i\u0161saugotus slapukus.<\/p>\n\n\n\n<p><strong>10. Svetain\u0117je naudojamos nuorodos.<\/strong><\/p>\n\n\n\n<p>10.1. Svetain\u0117je bus nuorod\u0173 \u012f tre\u010di\u0173j\u0173 \u0161ali\u0173 svetaines, teis\u0117s aktus ir socialinius tinklus. Pa\u017eym\u0117tina, kad tre\u010di\u0173j\u0173 \u0161ali\u0173 tinklalapiams, \u012f kuriuos Svetain\u0117je pateikiamos nuorodos, taikomos t\u0173 svetaini\u0173 privatumo politikos, tod\u0117l Bendrov\u0117 neprisiima atsakomyb\u0117s u\u017e bet kok\u012f tuose tinklalapiuose esan\u010dios informacijos turin\u012f, j\u0173 veikl\u0105 ir j\u0173 nuostatas. privatumo politika.<\/p>\n\n\n\n<p><\/p>","protected":false},"excerpt":{"rendered":"<p>Privacy (cookie) policy and data protection 1. General provisions. 1.1. MB FastCar LT (hereinafter \u201cthe Company\u201d), respecting the right to privacy of its customers, including visitors of the https:\/\/fastcar.shop&nbsp;website (hereinafter \u201cthe Website\u201d) and its buyers (hereinafter \u201cthe Customers\u201d), undertakes to ensure the protection of their personal data and their rights held as data subjects. 1.2. [&hellip;]<\/p>\n","protected":false},"author":1,"featured_media":0,"parent":0,"menu_order":0,"comment_status":"closed","ping_status":"closed","template":"","meta":{"footnotes":""},"class_list":["post-3215","page","type-page","status-publish","hentry"],"aioseo_notices":[],"yoast_head":"<!-- This site is optimized with the Yoast SEO plugin v27.3 - https:\/\/yoast.com\/product\/yoast-seo-wordpress\/ -->\n<title>Privacy policy - Fast Car Shop<\/title>\n<meta name=\"robots\" content=\"index, follow, max-snippet:-1, max-image-preview:large, max-video-preview:-1\" \/>\n<link rel=\"canonical\" href=\"https:\/\/fastcar.shop\/lt\/privacy-policy\/\" \/>\n<meta property=\"og:locale\" content=\"lt_LT\" \/>\n<meta property=\"og:type\" content=\"article\" \/>\n<meta property=\"og:title\" content=\"Privacy policy - Fast Car Shop\" \/>\n<meta property=\"og:description\" content=\"Privacy (cookie) policy and data protection 1. General provisions. 1.1. MB FastCar LT (hereinafter \u201cthe Company\u201d), respecting the right to privacy of its customers, including visitors of the https:\/\/fastcar.shop&nbsp;website (hereinafter \u201cthe Website\u201d) and its buyers (hereinafter \u201cthe Customers\u201d), undertakes to ensure the protection of their personal data and their rights held as data subjects. 1.2. [&hellip;]\" \/>\n<meta property=\"og:url\" content=\"https:\/\/fastcar.shop\/lt\/privacy-policy\/\" \/>\n<meta property=\"og:site_name\" content=\"Fast Car Shop\" \/>\n<meta property=\"article:publisher\" content=\"https:\/\/www.facebook.com\/FastcarLt?locale=lt_LT\" \/>\n<meta property=\"article:modified_time\" content=\"2022-01-08T17:17:18+00:00\" \/>\n<meta name=\"twitter:card\" content=\"summary_large_image\" \/>\n<meta name=\"twitter:label1\" content=\"Est. reading time\" \/>\n\t<meta name=\"twitter:data1\" content=\"9 minut\u0117s\" \/>\n<!-- \/ Yoast SEO plugin. -->","yoast_head_json":{"title":"Privacy policy - Fast Car Shop","robots":{"index":"index","follow":"follow","max-snippet":"max-snippet:-1","max-image-preview":"max-image-preview:large","max-video-preview":"max-video-preview:-1"},"canonical":"https:\/\/fastcar.shop\/lt\/privacy-policy\/","og_locale":"lt_LT","og_type":"article","og_title":"Privacy policy - Fast Car Shop","og_description":"Privacy (cookie) policy and data protection 1. General provisions. 1.1. MB FastCar LT (hereinafter \u201cthe Company\u201d), respecting the right to privacy of its customers, including visitors of the https:\/\/fastcar.shop&nbsp;website (hereinafter \u201cthe Website\u201d) and its buyers (hereinafter \u201cthe Customers\u201d), undertakes to ensure the protection of their personal data and their rights held as data subjects. 1.2. [&hellip;]","og_url":"https:\/\/fastcar.shop\/lt\/privacy-policy\/","og_site_name":"Fast Car Shop","article_publisher":"https:\/\/www.facebook.com\/FastcarLt?locale=lt_LT","article_modified_time":"2022-01-08T17:17:18+00:00","twitter_card":"summary_large_image","twitter_misc":{"Est. reading time":"9 minut\u0117s"},"schema":{"@context":"https:\/\/schema.org","@graph":[{"@type":"WebPage","@id":"https:\/\/fastcar.shop\/privacy-policy\/","url":"https:\/\/fastcar.shop\/privacy-policy\/","name":"Privacy policy - Fast Car Shop","isPartOf":{"@id":"https:\/\/fastcar.shop\/#website"},"datePublished":"2022-01-08T17:17:17+00:00","dateModified":"2022-01-08T17:17:18+00:00","breadcrumb":{"@id":"https:\/\/fastcar.shop\/privacy-policy\/#breadcrumb"},"inLanguage":"lt-LT","potentialAction":[{"@type":"ReadAction","target":["https:\/\/fastcar.shop\/privacy-policy\/"]}]},{"@type":"BreadcrumbList","@id":"https:\/\/fastcar.shop\/privacy-policy\/#breadcrumb","itemListElement":[{"@type":"ListItem","position":1,"name":"Home","item":"https:\/\/fastcar.shop\/"},{"@type":"ListItem","position":2,"name":"Privacy policy"}]},{"@type":"WebSite","@id":"https:\/\/fastcar.shop\/#website","url":"https:\/\/fastcar.shop\/","name":"Greit\u0173 automobili\u0173 parduotuv\u0117","description":"","publisher":{"@id":"https:\/\/fastcar.shop\/#organization"},"potentialAction":[{"@type":"SearchAction","target":{"@type":"EntryPoint","urlTemplate":"https:\/\/fastcar.shop\/?s={search_term_string}"},"query-input":{"@type":"PropertyValueSpecification","valueRequired":true,"valueName":"search_term_string"}}],"inLanguage":"lt-LT"},{"@type":"Organization","@id":"https:\/\/fastcar.shop\/#organization","name":"Fastcar.shop","url":"https:\/\/fastcar.shop\/","logo":{"@type":"ImageObject","inLanguage":"lt-LT","@id":"https:\/\/fastcar.shop\/#\/schema\/logo\/image\/","url":"https:\/\/fastcar.shop\/wp-content\/uploads\/2017\/08\/FCS_JPEG-01-scaled.jpg","contentUrl":"https:\/\/fastcar.shop\/wp-content\/uploads\/2017\/08\/FCS_JPEG-01-scaled.jpg","width":2560,"height":1379,"caption":"Fastcar.shop"},"image":{"@id":"https:\/\/fastcar.shop\/#\/schema\/logo\/image\/"},"sameAs":["https:\/\/www.facebook.com\/FastcarLt?locale=lt_LT","https:\/\/www.instagram.com\/fastcar.shop\/"]}]}},"jetpack_sharing_enabled":true,"_links":{"self":[{"href":"https:\/\/fastcar.shop\/lt\/wp-json\/wp\/v2\/pages\/3215","targetHints":{"allow":["GET"]}}],"collection":[{"href":"https:\/\/fastcar.shop\/lt\/wp-json\/wp\/v2\/pages"}],"about":[{"href":"https:\/\/fastcar.shop\/lt\/wp-json\/wp\/v2\/types\/page"}],"author":[{"embeddable":true,"href":"https:\/\/fastcar.shop\/lt\/wp-json\/wp\/v2\/users\/1"}],"replies":[{"embeddable":true,"href":"https:\/\/fastcar.shop\/lt\/wp-json\/wp\/v2\/comments?post=3215"}],"version-history":[{"count":1,"href":"https:\/\/fastcar.shop\/lt\/wp-json\/wp\/v2\/pages\/3215\/revisions"}],"predecessor-version":[{"id":3216,"href":"https:\/\/fastcar.shop\/lt\/wp-json\/wp\/v2\/pages\/3215\/revisions\/3216"}],"wp:attachment":[{"href":"https:\/\/fastcar.shop\/lt\/wp-json\/wp\/v2\/media?parent=3215"}],"curies":[{"name":"wp","href":"https:\/\/api.w.org\/{rel}","templated":true}]}}