{"id":114,"date":"2017-11-14T16:15:02","date_gmt":"2017-11-14T16:15:02","guid":{"rendered":"http:\/\/themes.webdevia.com\/car-parts-auto-parts-store-wordpress-theme\/?page_id=14"},"modified":"2025-11-26T22:03:42","modified_gmt":"2025-11-26T20:03:42","slug":"contact","status":"publish","type":"page","link":"https:\/\/fastcar.shop\/lt\/contact\/","title":{"rendered":"Kontaktai"},"content":{"rendered":"<div class=\"wpb-content-wrapper\"><div data-vc-full-width=\"true\" data-vc-full-width-init=\"false\" class=\"vc_row wpb_row vc_row-fluid\" ><div class=\"wpb_column vc_column_container vc_col-sm-12\"><div class=\"vc_column-inner \"><div class=\"wpb_wrapper\"><div class=\"vc_row wpb_row vc_inner vc_row-fluid\"><div class=\"wpb_column vc_column_container vc_col-sm-4\" data-equalizer-watch><div class=\"wpb_wrapper\"><\/div><\/div><div class=\"wpb_column vc_column_container vc_col-sm-4\" data-equalizer-watch><div class=\"wpb_wrapper\">\t\t<div class=\"wd-heading   text-center\" >\r\n\t\t\t\r\n\t\t\t\t\r\n\t\t\t\t<h2 style=\"margin:0;font-weight:700;text-transform:Uppercase;\" >\r\n\t\t\t\t\tGET IN TOUCH\t\t\t\t<\/h2>\r\n\r\n        \t\t\t\t<hr style='border-bottom-width: 4px;border-color: #ea1b25; margin: 10px auto;'\/>\r\n      \r\n\t\t\t\t\r\n\t\t\t\t\t<\/div>\r\n\r\n\t\t\r\n\r\n<div class=\"ajzaa_empty_space\" data-heightmobile=\"10\" data-heighttablet=\"10\" data-heightdesktop=\"20\">\r\n\r\n<\/div>\r\n      \r\n\r\n\r\n\r\n        \r\n      \r\n    <\/div><\/div><div class=\"wpb_column vc_column_container vc_col-sm-4\" data-equalizer-watch><div class=\"wpb_wrapper\"><\/div><\/div><\/div><div class=\"vc_row wpb_row vc_inner vc_row-fluid vc_custom_1730914573896\"><div class=\"wpb_column vc_column_container vc_col-sm-6 vc_custom_1730914601256\" data-equalizer-watch><div class=\"wpb_wrapper\"><div class=\"wpb_gmaps_widget wpb_content_element\"><div class=\"wpb_wrapper\"><div class=\"wpb_map_wraper\"><iframe src=\"https:\/\/www.google.com\/maps\/embed?pb=!1m18!1m12!1m3!1d2294.168730333694!2d23.764295675845464!3d54.899960657356225!2m3!1f0!2f0!3f0!3m2!1i1024!2i768!4f13.1!3m3!1m2!1s0x46e72045aa57214b%3A0x20f69e48a41f85dc!2sSantarv%C4%97s%20g.%201%2C%20Virbali%C5%A1kiai%2C%2053458%20Kauno%20r.%20sav.!5e0!3m2!1slt!2slt!4v1736102504465!5m2!1slt!2slt\" width=\"600\" height=\"200\" style=\"border:0;\" allowfullscreen=\"\" loading=\"lazy\" referrerpolicy=\"no-referrer-when-downgrade\"><\/iframe><\/div><\/div><\/div>\r\n\r\n<div class=\"ajzaa_empty_space\" data-heightmobile=\"0\" data-heighttablet=\"10\" data-heightdesktop=\"20\">\r\n\r\n<\/div>\r\n      \r\n\r\n\r\n\r\n        \r\n      \r\n    \t\t<div class=\"wd-heading   text-left\" >\r\n\t\t\t\r\n\t\t\t\t\r\n\t\t\t\t<h2 style=\"margin:0;font-weight:600;font-size:12px;color:#2801bc;line-height:16px;letter-spacing:2px;\" >\r\n\t\t\t\t\tSHOP AND CAR SERVICE ADDRESS\t\t\t\t<\/h2>\r\n\r\n        <div style='margin-top: 10px;'><\/div>\t\t\t\t\r\n      \t\t\t\t<h4 style=\"font-size:16px;color:rgba(51,51,51,0.6);text-transform:Capitalize;line-height:24px;\" >\r\n\t\t\t\t\tSantarv\u0117s g. 1, Virbali\u0161kiai, Kauno r., LT-53458, Lithuania\t\t\t\t<\/h4>\r\n      \r\n\t\t\t\t\r\n\t\t\t\t\t<\/div>\r\n\r\n\t\t\t\t<div class=\"wd-heading   text-left\" >\r\n\t\t\t\r\n\t\t\t\t\r\n\t\t\t\t<h2 style=\"margin:0;font-weight:600;font-size:12px;color:#2801bc;line-height:6px;letter-spacing:2px;\" >\r\n\t\t\t\t\tWORKING HOURS\t\t\t\t<\/h2>\r\n\r\n        <div style='margin-top: 10px;'><\/div>\t\t\t\t\r\n      \t\t\t\t<h4 style=\"font-size:16px;color:rgba(51,51,51,0.6);text-transform:Capitalize;line-height:10px;\" >\r\n\t\t\t\t\tI-V 10:00-18:00\t\t\t\t<\/h4>\r\n      \r\n\t\t\t\t\r\n\t\t\t\t\t<\/div>\r\n\r\n\t\t\r\n\r\n<div class=\"ajzaa_empty_space\" data-heightmobile=\"0\" data-heighttablet=\"10\" data-heightdesktop=\"20\">\r\n\r\n<\/div>\r\n      \r\n\r\n\r\n\r\n        \r\n      \r\n    \t\t<div class=\"wd-heading   text-left\" >\r\n\t\t\t\r\n\t\t\t\t\r\n\t\t\t\t<h2 style=\"margin:0;font-weight:600;font-size:12px;color:#2801bc;line-height:16px;letter-spacing:2px;\" >\r\n\t\t\t\t\tPHONE\t\t\t\t<\/h2>\r\n\r\n        <div style='margin-top: 10px;'><\/div>\t\t\t\t\r\n      \t\t\t\t<h4 style=\"font-size:16px;color:rgba(51,51,51,0.6);text-transform:Capitalize;line-height:24px;\" >\r\n\t\t\t\t\t+370 619 20999\t\t\t\t<\/h4>\r\n      \r\n\t\t\t\t\r\n\t\t\t\t\t<\/div>\r\n\r\n\t\t\r\n\r\n<div class=\"ajzaa_empty_space\" data-heightmobile=\"0\" data-heighttablet=\"10\" data-heightdesktop=\"20\">\r\n\r\n<\/div>\r\n      \r\n\r\n\r\n\r\n        \r\n      \r\n    \t\t<div class=\"wd-heading   text-left\" >\r\n\t\t\t\r\n\t\t\t\t\r\n\t\t\t\t<h2 style=\"margin:0;font-weight:600;font-size:12px;color:#2801bc;line-height:16px;letter-spacing:2px;\" >\r\n\t\t\t\t\tEMAIL\t\t\t\t<\/h2>\r\n\r\n        <div style='margin-top: 10px;'><\/div>\t\t\t\t\r\n      \t\t\t\t<h4 style=\"font-size:16px;color:rgba(51,51,51,0.6);text-transform:Capitalize;line-height:24px;\" >\r\n\t\t\t\t\tinfo@fastcar.shop\t\t\t\t<\/h4>\r\n      \r\n\t\t\t\t\r\n\t\t\t\t\t<\/div>\r\n\r\n\t\t\t\t<div class=\"wd-heading   text-left\" >\r\n\t\t\t\r\n\t\t\t\t\r\n\t\t\t\t<h2 style=\"margin:0;font-weight:600;font-size:12px;color:#2801bc;line-height:16px;letter-spacing:2px;\" >\r\n\t\t\t\t\tSOCIALS\t\t\t\t<\/h2>\r\n\r\n        <div style='margin-top: 10px;'><\/div>\t\t\t\t\r\n      \r\n\t\t\t\t\r\n\t\t\t\t\t<\/div>\r\n\r\n\t\t\n\t<div class=\"wpb_raw_code wpb_raw_html wpb_content_element\" >\n\t\t<div class=\"wpb_wrapper\">\n\t\t\t    <ul class=\"inline-list social_media\" style=\"list-style: none; padding: 0; margin: 0; display: flex; justify-content: flex-start;\">\n        <li><a href=\"https:\/\/www.facebook.com\/FastcarLt\"><i class=\"fa fa-facebook\"><\/i><\/a><\/li>\n        <li><a href=\"https:\/\/instagram.com\/fastcar.shop?igshid=YmMyMTA2M2Y=\"><i class=\"fa fa-instagram\"><\/i><\/a><\/li>\n    <\/ul>\n\t\t<\/div>\n\t<\/div>\n<\/div><\/div><div class=\"wpb_column vc_column_container vc_col-sm-6 vc_custom_1730914588272\" data-equalizer-watch><div class=\"wpb_wrapper\">\t\t<div class=\"wd-heading   text-center\" >\r\n\t\t\t\r\n\t\t\t\t\r\n\t\t\t\t<h2 style=\"margin:0;font-weight:900;font-size:60px;color:#333333;text-transform:Capitalize;line-height:90px;\" >\r\n\t\t\t\t\tcontact us\t\t\t\t<\/h2>\r\n\r\n        <div style='margin-top: 10px;'><\/div>\t\t\t\t\r\n      \r\n\t\t\t\t\r\n\t\t\t\t\t<\/div>\r\n\r\n\t\t<div class=\"wpforms-container wpforms-container-full\" id=\"wpforms-3200\"><form id=\"wpforms-form-3200\" class=\"wpforms-validate wpforms-form wpforms-ajax-form\" data-formid=\"3200\" method=\"post\" enctype=\"multipart\/form-data\" action=\"\/lt\/wp-json\/wp\/v2\/pages\/114\" data-token=\"8ef205c5367417d7838a26fa87c895e8\" data-token-time=\"1775867583\"><noscript class=\"wpforms-error-noscript\">Please enable JavaScript in your browser to complete this form.<\/noscript><div class=\"wpforms-field-container\"><div id=\"wpforms-3200-field_0-container\" class=\"wpforms-field wpforms-field-name\" data-field-id=\"0\"><label class=\"wpforms-field-label\">Name <span class=\"wpforms-required-label\">*<\/span><\/label><div class=\"wpforms-field-row wpforms-field-medium\"><div class=\"wpforms-field-row-block wpforms-first wpforms-one-half\"><input type=\"text\" id=\"wpforms-3200-field_0\" class=\"wpforms-field-name-first wpforms-field-required\" name=\"wpforms[fields][0][first]\" required><label for=\"wpforms-3200-field_0\" class=\"wpforms-field-sublabel after\">First<\/label><\/div><div class=\"wpforms-field-row-block wpforms-one-half\"><input type=\"text\" id=\"wpforms-3200-field_0-last\" class=\"wpforms-field-name-last wpforms-field-required\" name=\"wpforms[fields][0][last]\" required><label for=\"wpforms-3200-field_0-last\" class=\"wpforms-field-sublabel after\">Last<\/label><\/div><\/div><\/div><div id=\"wpforms-3200-field_1-container\" class=\"wpforms-field wpforms-field-email\" data-field-id=\"1\"><label class=\"wpforms-field-label\" for=\"wpforms-3200-field_1\">Email <span class=\"wpforms-required-label\">*<\/span><\/label><input type=\"email\" id=\"wpforms-3200-field_1\" class=\"wpforms-field-medium wpforms-field-required\" name=\"wpforms[fields][1]\" spellcheck=\"false\" required><\/div><div id=\"wpforms-3200-field_2-container\" class=\"wpforms-field wpforms-field-textarea\" data-field-id=\"2\"><label class=\"wpforms-field-label\" for=\"wpforms-3200-field_2\">Comment or Message <span class=\"wpforms-required-label\">*<\/span><\/label><textarea id=\"wpforms-3200-field_2\" class=\"wpforms-field-medium wpforms-field-required\" name=\"wpforms[fields][2]\" required><\/textarea><\/div><\/div><!-- .wpforms-field-container --><div class=\"wpforms-recaptcha-container wpforms-is-recaptcha wpforms-is-recaptcha-type-v2\" ><div class=\"g-recaptcha\" data-sitekey=\"6LdE-fYdAAAAAChXeo1UXI8keYf_xX-X1DqyGtuS\"><\/div><input type=\"text\" name=\"g-recaptcha-hidden\" class=\"wpforms-recaptcha-hidden\" style=\"position:absolute!important;clip:rect(0,0,0,0)!important;height:1px!important;width:1px!important;border:0!important;overflow:hidden!important;padding:0!important;margin:0!important;\" data-rule-recaptcha=\"1\"><\/div><div class=\"wpforms-submit-container\" ><input type=\"hidden\" name=\"wpforms[id]\" value=\"3200\"><input type=\"hidden\" name=\"page_title\" value=\"\"><input type=\"hidden\" name=\"page_url\" value=\"https:\/\/fastcar.shop\/lt\/wp-json\/wp\/v2\/pages\/114\"><input type=\"hidden\" name=\"url_referer\" value=\"\"><button type=\"submit\" name=\"wpforms[submit]\" id=\"wpforms-submit-3200\" class=\"wpforms-submit\" data-alt-text=\"Sending...\" data-submit-text=\"Submit\" aria-live=\"assertive\" value=\"wpforms-submit\">Submit<\/button><img loading=\"lazy\" decoding=\"async\" src=\"https:\/\/fastcar.shop\/wp-content\/plugins\/wpforms-lite\/assets\/images\/submit-spin.svg\" class=\"wpforms-submit-spinner\" style=\"display: none;\" width=\"26\" height=\"26\" alt=\"Loading\"><\/div><\/form><\/div>  <!-- .wpforms-container --><\/div><\/div><\/div><\/div><\/div><\/div><\/div><div class=\"vc_row-full-width\"><\/div><div class=\"vc_row wpb_row vc_row-fluid\" ><div class=\"wpb_column vc_column_container vc_col-sm-12\"><div class=\"vc_column-inner \"><div class=\"wpb_wrapper\">\n\t<div  class=\"wpb_single_image wpb_content_element vc_align_center wpb_content_element\">\n\t\t\n\t\t<figure class=\"wpb_wrapper vc_figure\">\n\t\t\t<div class=\"vc_single_image-wrapper vc_box_rounded  vc_box_border_grey\"><img loading=\"lazy\" decoding=\"async\" width=\"2543\" height=\"2560\" src=\"https:\/\/fastcar.shop\/wp-content\/uploads\/2025\/03\/fastcar-scaled.jpg\" class=\"vc_single_image-img attachment-full\" alt=\"\" title=\"fastcar\" srcset=\"https:\/\/fastcar.shop\/wp-content\/uploads\/2025\/03\/fastcar-scaled.jpg 2543w, https:\/\/fastcar.shop\/wp-content\/uploads\/2025\/03\/fastcar-298x300.jpg 298w, https:\/\/fastcar.shop\/wp-content\/uploads\/2025\/03\/fastcar-1017x1024.jpg 1017w, https:\/\/fastcar.shop\/wp-content\/uploads\/2025\/03\/fastcar-150x150.jpg 150w, https:\/\/fastcar.shop\/wp-content\/uploads\/2025\/03\/fastcar-768x773.jpg 768w, https:\/\/fastcar.shop\/wp-content\/uploads\/2025\/03\/fastcar-1526x1536.jpg 1526w, https:\/\/fastcar.shop\/wp-content\/uploads\/2025\/03\/fastcar-2034x2048.jpg 2034w, https:\/\/fastcar.shop\/wp-content\/uploads\/2025\/03\/fastcar-12x12.jpg 12w, https:\/\/fastcar.shop\/wp-content\/uploads\/2025\/03\/fastcar-69x69.jpg 69w, https:\/\/fastcar.shop\/wp-content\/uploads\/2025\/03\/fastcar-600x604.jpg 600w, https:\/\/fastcar.shop\/wp-content\/uploads\/2025\/03\/fastcar-100x100.jpg 100w, https:\/\/fastcar.shop\/wp-content\/uploads\/2025\/03\/fastcar-64x64.jpg 64w\" sizes=\"auto, (max-width: 2543px) 100vw, 2543px\" \/><\/div>\n\t\t<\/figure>\n\t<\/div>\n<\/div><\/div><\/div><\/div>\n<\/div>","protected":false},"excerpt":{"rendered":"GET IN TOUCH SHOP AND CAR SERVICE ADDRESS Santarv\u0117s g. 1, Virbali\u0161kiai, Kauno r., LT-53458, Lithuania WORKING HOURS I-V 10:00-18:00 PHONE +370 619 20999 EMAIL info@fastcar.shop SOCIALS contact us Please enable JavaScript in your browser to complete this form.Name *FirstLastEmail *Comment or Message *Submit","protected":false},"author":1,"featured_media":0,"parent":0,"menu_order":0,"comment_status":"closed","ping_status":"closed","template":"","meta":{"footnotes":""},"class_list":["post-114","page","type-page","status-publish","hentry"],"aioseo_notices":[],"yoast_head":"<!-- This site is optimized with the Yoast SEO plugin v27.3 - https:\/\/yoast.com\/product\/yoast-seo-wordpress\/ -->\n<title>Contact - Fast Car Shop<\/title>\n<meta name=\"robots\" content=\"index, follow, max-snippet:-1, max-image-preview:large, max-video-preview:-1\" \/>\n<link rel=\"canonical\" href=\"https:\/\/fastcar.shop\/lt\/contact\/\" \/>\n<meta property=\"og:locale\" content=\"lt_LT\" \/>\n<meta property=\"og:type\" content=\"article\" \/>\n<meta property=\"og:title\" content=\"Contact - Fast Car Shop\" \/>\n<meta property=\"og:url\" content=\"https:\/\/fastcar.shop\/lt\/contact\/\" \/>\n<meta property=\"og:site_name\" content=\"Fast Car Shop\" \/>\n<meta property=\"article:publisher\" content=\"https:\/\/www.facebook.com\/FastcarLt?locale=lt_LT\" \/>\n<meta property=\"article:modified_time\" content=\"2025-11-26T20:03:42+00:00\" \/>\n<meta name=\"twitter:card\" content=\"summary_large_image\" \/>\n<meta name=\"twitter:label1\" content=\"Est. reading time\" \/>\n\t<meta name=\"twitter:data1\" content=\"1 minut\u0117\" \/>\n<!-- \/ Yoast SEO plugin. -->","yoast_head_json":{"title":"Contact - Fast Car Shop","robots":{"index":"index","follow":"follow","max-snippet":"max-snippet:-1","max-image-preview":"max-image-preview:large","max-video-preview":"max-video-preview:-1"},"canonical":"https:\/\/fastcar.shop\/lt\/contact\/","og_locale":"lt_LT","og_type":"article","og_title":"Contact - Fast Car Shop","og_url":"https:\/\/fastcar.shop\/lt\/contact\/","og_site_name":"Fast Car Shop","article_publisher":"https:\/\/www.facebook.com\/FastcarLt?locale=lt_LT","article_modified_time":"2025-11-26T20:03:42+00:00","twitter_card":"summary_large_image","twitter_misc":{"Est. reading time":"1 minut\u0117"},"schema":{"@context":"https:\/\/schema.org","@graph":[{"@type":"WebPage","@id":"https:\/\/fastcar.shop\/contact\/","url":"https:\/\/fastcar.shop\/contact\/","name":"Contact - Fast Car Shop","isPartOf":{"@id":"https:\/\/fastcar.shop\/#website"},"datePublished":"2017-11-14T16:15:02+00:00","dateModified":"2025-11-26T20:03:42+00:00","breadcrumb":{"@id":"https:\/\/fastcar.shop\/contact\/#breadcrumb"},"inLanguage":"lt-LT","potentialAction":[{"@type":"ReadAction","target":["https:\/\/fastcar.shop\/contact\/"]}]},{"@type":"BreadcrumbList","@id":"https:\/\/fastcar.shop\/contact\/#breadcrumb","itemListElement":[{"@type":"ListItem","position":1,"name":"Home","item":"https:\/\/fastcar.shop\/"},{"@type":"ListItem","position":2,"name":"Contact"}]},{"@type":"WebSite","@id":"https:\/\/fastcar.shop\/#website","url":"https:\/\/fastcar.shop\/","name":"Greit\u0173 automobili\u0173 parduotuv\u0117","description":"","publisher":{"@id":"https:\/\/fastcar.shop\/#organization"},"potentialAction":[{"@type":"SearchAction","target":{"@type":"EntryPoint","urlTemplate":"https:\/\/fastcar.shop\/?s={search_term_string}"},"query-input":{"@type":"PropertyValueSpecification","valueRequired":true,"valueName":"search_term_string"}}],"inLanguage":"lt-LT"},{"@type":"Organization","@id":"https:\/\/fastcar.shop\/#organization","name":"Fastcar.shop","url":"https:\/\/fastcar.shop\/","logo":{"@type":"ImageObject","inLanguage":"lt-LT","@id":"https:\/\/fastcar.shop\/#\/schema\/logo\/image\/","url":"https:\/\/fastcar.shop\/wp-content\/uploads\/2017\/08\/FCS_JPEG-01-scaled.jpg","contentUrl":"https:\/\/fastcar.shop\/wp-content\/uploads\/2017\/08\/FCS_JPEG-01-scaled.jpg","width":2560,"height":1379,"caption":"Fastcar.shop"},"image":{"@id":"https:\/\/fastcar.shop\/#\/schema\/logo\/image\/"},"sameAs":["https:\/\/www.facebook.com\/FastcarLt?locale=lt_LT","https:\/\/www.instagram.com\/fastcar.shop\/"]}]}},"jetpack_sharing_enabled":true,"_links":{"self":[{"href":"https:\/\/fastcar.shop\/lt\/wp-json\/wp\/v2\/pages\/114","targetHints":{"allow":["GET"]}}],"collection":[{"href":"https:\/\/fastcar.shop\/lt\/wp-json\/wp\/v2\/pages"}],"about":[{"href":"https:\/\/fastcar.shop\/lt\/wp-json\/wp\/v2\/types\/page"}],"author":[{"embeddable":true,"href":"https:\/\/fastcar.shop\/lt\/wp-json\/wp\/v2\/users\/1"}],"replies":[{"embeddable":true,"href":"https:\/\/fastcar.shop\/lt\/wp-json\/wp\/v2\/comments?post=114"}],"version-history":[{"count":58,"href":"https:\/\/fastcar.shop\/lt\/wp-json\/wp\/v2\/pages\/114\/revisions"}],"predecessor-version":[{"id":4963,"href":"https:\/\/fastcar.shop\/lt\/wp-json\/wp\/v2\/pages\/114\/revisions\/4963"}],"wp:attachment":[{"href":"https:\/\/fastcar.shop\/lt\/wp-json\/wp\/v2\/media?parent=114"}],"curies":[{"name":"wp","href":"https:\/\/api.w.org\/{rel}","templated":true}]}}